{"id":35,"date":"2023-12-08T18:02:58","date_gmt":"2023-12-08T18:02:58","guid":{"rendered":"https:\/\/byteflows.net\/wp\/transpi\/?page_id=35"},"modified":"2025-09-02T21:05:19","modified_gmt":"2025-09-03T03:05:19","slug":"contacto","status":"publish","type":"page","link":"https:\/\/myscen.com\/en\/contacto\/","title":{"rendered":"Contact"},"content":{"rendered":"<div data-elementor-type=\"wp-page\" data-elementor-id=\"35\" class=\"elementor elementor-35\">\n\t\t\t\t\t\t<section class=\"elementor-section elementor-top-section elementor-element elementor-element-ead9618 elementor-section-boxed elementor-section-height-default elementor-section-height-default\" data-id=\"ead9618\" data-element_type=\"section\" data-e-type=\"section\">\n\t\t\t\t\t\t<div class=\"elementor-container elementor-column-gap-default\">\n\t\t\t\t\t<div class=\"elementor-column elementor-col-33 elementor-top-column elementor-element elementor-element-655f7ff\" data-id=\"655f7ff\" data-element_type=\"column\" data-e-type=\"column\">\n\t\t\t<div class=\"elementor-widget-wrap elementor-element-populated\">\n\t\t\t\t\t\t<div class=\"elementor-element elementor-element-6851ad5 elementor-widget elementor-widget-transpi-heading\" data-id=\"6851ad5\" data-element_type=\"widget\" data-e-type=\"widget\" data-widget_type=\"transpi-heading.default\">\n\t\t\t\t<div class=\"elementor-widget-container\">\n\t\t\t\t\t<div class=\"transpi__section-heading transpialigh\">\r\n        <div class=\"transpi__sub-heaind\">\r\n        <span>Contact<\/span>\r\n    <\/div>\r\n        <h2 class=\"transpi__heading-title spilit__enable split-in-right\">Contact us and ensure your company\u2019s regulatory compliance.<\/h2>    <\/div>\t\t\t\t<\/div>\n\t\t\t\t<\/div>\n\t\t\t\t<div class=\"elementor-element elementor-element-9d08f5a elementor-widget elementor-widget-transpi-ct-info\" data-id=\"9d08f5a\" data-element_type=\"widget\" data-e-type=\"widget\" data-widget_type=\"transpi-ct-info.default\">\n\t\t\t\t<div class=\"elementor-widget-container\">\n\t\t\t\t\t\t\r\n        <div class=\"transpi__contatc-info\">\r\n            <div class=\"info__content-icon\">\r\n                <i aria-hidden=\"true\" class=\"fas fa-mobile-alt\"><\/i>            <\/div>\r\n            <div class=\"info__content-txt\">\r\n                <h4>Send us a message<\/h4>\r\n                <p><a href=\"https:\/\/api.whatsapp.com\/send\/?phone=5218128888139&amp;text&amp;type=phone_number&amp;app_absent=0\" target=\"_blank\" rel=\"noopener\">+55 81 2888 8139<\/a><\/p>            <\/div>\r\n        <\/div>\r\n    \t\t\t\t<\/div>\n\t\t\t\t<\/div>\n\t\t\t\t<div class=\"elementor-element elementor-element-5d6cc71 elementor-widget elementor-widget-transpi-ct-info\" data-id=\"5d6cc71\" data-element_type=\"widget\" data-e-type=\"widget\" data-widget_type=\"transpi-ct-info.default\">\n\t\t\t\t<div class=\"elementor-widget-container\">\n\t\t\t\t\t\t\r\n        <div class=\"transpi__contatc-info\">\r\n            <div class=\"info__content-icon\">\r\n                <i aria-hidden=\"true\" class=\"fas fa-envelope-open-text\"><\/i>            <\/div>\r\n            <div class=\"info__content-txt\">\r\n                <h4>Write to us<\/h4>\r\n                <p>info@myscen.com<\/p>            <\/div>\r\n        <\/div>\r\n    \t\t\t\t<\/div>\n\t\t\t\t<\/div>\n\t\t\t\t<div class=\"elementor-element elementor-element-2badf1f elementor-widget elementor-widget-transpi-ct-info\" data-id=\"2badf1f\" data-element_type=\"widget\" data-e-type=\"widget\" data-widget_type=\"transpi-ct-info.default\">\n\t\t\t\t<div class=\"elementor-widget-container\">\n\t\t\t\t\t\t\r\n        <div class=\"transpi__contatc-info\">\r\n            <div class=\"info__content-icon\">\r\n                <i aria-hidden=\"true\" class=\"fas fa-map-marker-alt\"><\/i>            <\/div>\r\n            <div class=\"info__content-txt\">\r\n                <h4>Our Office<\/h4>\r\n                San Pedro Garza Garc\u00eda,<br> Nuevo Le\u00f3n, M\u00e9xico            <\/div>\r\n        <\/div>\r\n    \t\t\t\t<\/div>\n\t\t\t\t<\/div>\n\t\t\t\t\t<\/div>\n\t\t<\/div>\n\t\t\t\t<div class=\"elementor-column elementor-col-66 elementor-top-column elementor-element elementor-element-1f0dbb5\" data-id=\"1f0dbb5\" data-element_type=\"column\" data-e-type=\"column\">\n\t\t\t<div class=\"elementor-widget-wrap elementor-element-populated\">\n\t\t\t\t\t\t<section class=\"elementor-section elementor-inner-section elementor-element elementor-element-64ac131 elementor-section-full_width elementor-section-height-default elementor-section-height-default\" data-id=\"64ac131\" data-element_type=\"section\" data-e-type=\"section\">\n\t\t\t\t\t\t<div class=\"elementor-container elementor-column-gap-no\">\n\t\t\t\t\t<div class=\"elementor-column elementor-col-100 elementor-inner-column elementor-element elementor-element-91b63f5\" data-id=\"91b63f5\" data-element_type=\"column\" data-e-type=\"column\" data-settings=\"{&quot;background_background&quot;:&quot;classic&quot;}\">\n\t\t\t<div class=\"elementor-widget-wrap elementor-element-populated\">\n\t\t\t\t\t\t<div class=\"elementor-element elementor-element-fa031a0 elementor-widget-mobile__width-initial elementor-widget elementor-widget-transpi-heading\" data-id=\"fa031a0\" data-element_type=\"widget\" data-e-type=\"widget\" data-widget_type=\"transpi-heading.default\">\n\t\t\t\t<div class=\"elementor-widget-container\">\n\t\t\t\t\t<div class=\"transpi__section-heading transpialigh\">\r\n        <div class=\"transpi__sub-heaind\">\r\n        <span>Information About Services<\/span>\r\n    <\/div>\r\n        <h2 class=\"transpi__heading-title spilit__enable split-in-right\">We are here to support you with your business needs.<\/h2>    <\/div>\t\t\t\t<\/div>\n\t\t\t\t<\/div>\n\t\t\t\t<div class=\"elementor-element elementor-element-2793f9a elementor-widget-mobile__width-initial elementor-widget elementor-widget-shortcode\" data-id=\"2793f9a\" data-element_type=\"widget\" data-e-type=\"widget\" data-widget_type=\"shortcode.default\">\n\t\t\t\t<div class=\"elementor-widget-container\">\n\t\t\t\t\t\t\t<div class=\"elementor-shortcode\">\n<div class=\"wpcf7 no-js\" id=\"wpcf7-f391-o1\" lang=\"en-US\" dir=\"ltr\" data-wpcf7-id=\"391\">\n<div class=\"screen-reader-response\"><p role=\"status\" aria-live=\"polite\" aria-atomic=\"true\"><\/p> <ul><\/ul><\/div>\n<form action=\"\/en\/wp-json\/wp\/v2\/pages\/35#wpcf7-f391-o1\" method=\"post\" class=\"wpcf7-form init\" aria-label=\"Contact form\" novalidate=\"novalidate\" data-status=\"init\" data-trp-original-action=\"\/en\/wp-json\/wp\/v2\/pages\/35#wpcf7-f391-o1\">\n<fieldset class=\"hidden-fields-container\"><input type=\"hidden\" name=\"_wpcf7\" value=\"391\" \/><input type=\"hidden\" name=\"_wpcf7_version\" value=\"6.1.5\" \/><input type=\"hidden\" name=\"_wpcf7_locale\" value=\"en_US\" \/><input type=\"hidden\" name=\"_wpcf7_unit_tag\" value=\"wpcf7-f391-o1\" \/><input type=\"hidden\" name=\"_wpcf7_container_post\" value=\"0\" \/><input type=\"hidden\" name=\"_wpcf7_posted_data_hash\" value=\"\" \/>\n<\/fieldset>\n<div class=\"transpi__main-csf\">\n\t<div class=\"row\">\n\t\t<div class=\"col-lg-6\">\n\t\t\t<span class=\"wpcf7-form-control-wrap\" data-name=\"text-953\"><input size=\"40\" maxlength=\"400\" class=\"wpcf7-form-control wpcf7-text wpcf7-validates-as-required\" aria-required=\"true\" aria-invalid=\"false\" placeholder=\"Name\" value=\"\" type=\"text\" name=\"text-953\" \/><\/span>\n\t\t<\/div>\n\t\t<div class=\"col-lg-6\">\n\t\t\t<span class=\"wpcf7-form-control-wrap\" data-name=\"mail-953\"><input size=\"40\" maxlength=\"400\" class=\"wpcf7-form-control wpcf7-email wpcf7-validates-as-required wpcf7-text wpcf7-validates-as-email\" aria-required=\"true\" aria-invalid=\"false\" placeholder=\"E-Mail\" value=\"\" type=\"email\" name=\"mail-953\" \/><\/span>\n\t\t<\/div>\n\t\t<div class=\"col-lg-6\">\n\t\t\t<span class=\"wpcf7-form-control-wrap\" data-name=\"phn-953\"><input size=\"40\" maxlength=\"400\" class=\"wpcf7-form-control wpcf7-text wpcf7-validates-as-required\" aria-required=\"true\" aria-invalid=\"false\" placeholder=\"Number\" value=\"\" type=\"text\" name=\"phn-953\" \/><\/span>\n\t\t<\/div>\n\t\t<div class=\"col-lg-6\">\n\t\t\t<span class=\"wpcf7-form-control-wrap\" data-name=\"sub-953\"><input size=\"40\" maxlength=\"400\" class=\"wpcf7-form-control wpcf7-text wpcf7-validates-as-required\" aria-required=\"true\" aria-invalid=\"false\" placeholder=\"Subject\" value=\"\" type=\"text\" name=\"sub-953\" \/><\/span>\n\t\t<\/div>\n\t\t<div class=\"col-lg-12\">\n\t\t\t<span class=\"wpcf7-form-control-wrap\" data-name=\"textarea-677\"><textarea cols=\"40\" rows=\"10\" maxlength=\"2000\" class=\"wpcf7-form-control wpcf7-textarea\" aria-invalid=\"false\" placeholder=\"Message\" name=\"textarea-677\"><\/textarea><\/span>\n\t\t<\/div>\n\t\t<div class=\"col-lg-12\">\n\t\t\t<button class=\"thm__btn\">Send<\/button>\n\t\t<\/div>\n\t<\/div>\n<\/div><div class=\"wpcf7-response-output\" aria-hidden=\"true\"><\/div>\n<input type=\"hidden\" name=\"trp-form-language\" value=\"en\"\/><\/form>\n<\/div>\n<\/div>\n\t\t\t\t\t\t<\/div>\n\t\t\t\t<\/div>\n\t\t\t\t\t<\/div>\n\t\t<\/div>\n\t\t\t\t\t<\/div>\n\t\t<\/section>\n\t\t\t\t\t<\/div>\n\t\t<\/div>\n\t\t\t\t\t<\/div>\n\t\t<\/section>\n\t\t\t\t<section class=\"elementor-section elementor-top-section elementor-element elementor-element-ac2f7cd elementor-section-boxed elementor-section-height-default elementor-section-height-default\" data-id=\"ac2f7cd\" data-element_type=\"section\" data-e-type=\"section\">\n\t\t\t\t\t\t<div class=\"elementor-container elementor-column-gap-default\">\n\t\t\t\t\t<div class=\"elementor-column elementor-col-100 elementor-top-column elementor-element elementor-element-0703072\" data-id=\"0703072\" data-element_type=\"column\" data-e-type=\"column\">\n\t\t\t<div class=\"elementor-widget-wrap elementor-element-populated\">\n\t\t\t\t\t\t<div class=\"elementor-element elementor-element-e472889 elementor-widget elementor-widget-google_maps\" data-id=\"e472889\" data-element_type=\"widget\" data-e-type=\"widget\" data-widget_type=\"google_maps.default\">\n\t\t\t\t<div class=\"elementor-widget-container\">\n\t\t\t\t\t\t\t<div class=\"elementor-custom-embed\">\n\t\t\t<iframe loading=\"lazy\"\n\t\t\t\t\tsrc=\"https:\/\/maps.google.com\/maps?q=San%20Pedro%20Garza%20Garc%C3%ADa&#038;t=m&#038;z=12&#038;output=embed&#038;iwloc=near\"\n\t\t\t\t\ttitle=\"San Pedro Garza Garc\u00eda\"\n\t\t\t\t\taria-label=\"San Pedro Garza Garc\u00eda\"\n\t\t\t><\/iframe>\n\t\t<\/div>\n\t\t\t\t\t\t<\/div>\n\t\t\t\t<\/div>\n\t\t\t\t\t<\/div>\n\t\t<\/div>\n\t\t\t\t\t<\/div>\n\t\t<\/section>\n\t\t\t\t<\/div>","protected":false},"excerpt":{"rendered":"<p>Contacto Cont\u00e1ctanos y asegura el cumplimiento normativo de tu empresa M\u00e1ndanos Mensaje +55 81 2888 8139 Escr\u00edbenos info@myscen.com Nuesta Oficina San Pedro Garza Garc\u00eda, Nuevo Le\u00f3n, M\u00e9xico Informaci\u00f3n sobre servicios Estamos aqu\u00ed para apoyarte en tus necesidades empresariales<\/p>","protected":false},"author":1,"featured_media":0,"parent":0,"menu_order":0,"comment_status":"closed","ping_status":"closed","template":"elementor_header_footer","meta":{"footnotes":""},"class_list":["post-35","page","type-page","status-publish","hentry"],"_links":{"self":[{"href":"https:\/\/myscen.com\/en\/wp-json\/wp\/v2\/pages\/35","targetHints":{"allow":["GET"]}}],"collection":[{"href":"https:\/\/myscen.com\/en\/wp-json\/wp\/v2\/pages"}],"about":[{"href":"https:\/\/myscen.com\/en\/wp-json\/wp\/v2\/types\/page"}],"author":[{"embeddable":true,"href":"https:\/\/myscen.com\/en\/wp-json\/wp\/v2\/users\/1"}],"replies":[{"embeddable":true,"href":"https:\/\/myscen.com\/en\/wp-json\/wp\/v2\/comments?post=35"}],"version-history":[{"count":28,"href":"https:\/\/myscen.com\/en\/wp-json\/wp\/v2\/pages\/35\/revisions"}],"predecessor-version":[{"id":2724,"href":"https:\/\/myscen.com\/en\/wp-json\/wp\/v2\/pages\/35\/revisions\/2724"}],"wp:attachment":[{"href":"https:\/\/myscen.com\/en\/wp-json\/wp\/v2\/media?parent=35"}],"curies":[{"name":"wp","href":"https:\/\/api.w.org\/{rel}","templated":true}]}}