{"id":3,"date":"2024-11-19T14:08:06","date_gmt":"2024-11-19T14:08:06","guid":{"rendered":"http:\/\/myscen.com\/?page_id=3"},"modified":"2025-01-27T17:44:11","modified_gmt":"2025-01-27T23:44:11","slug":"terminos-y-condiciones","status":"publish","type":"page","link":"https:\/\/myscen.com\/en\/terminos-y-condiciones\/","title":{"rendered":"Terms and Conditions"},"content":{"rendered":"<div data-elementor-type=\"wp-page\" data-elementor-id=\"3\" class=\"elementor elementor-3\">\n\t\t\t\t<div class=\"elementor-element elementor-element-1bbd4314 e-flex e-con-boxed e-con e-parent\" data-id=\"1bbd4314\" data-element_type=\"container\" data-e-type=\"container\">\n\t\t\t\t\t<div class=\"e-con-inner\">\n\t\t\t\t<div class=\"elementor-element elementor-element-432f2a44 elementor-widget elementor-widget-text-editor\" data-id=\"432f2a44\" data-element_type=\"widget\" data-e-type=\"widget\" data-widget_type=\"text-editor.default\">\n\t\t\t\t<div class=\"elementor-widget-container\">\n\t\t\t\t\t\t\t\t\t\n<p class=\"p1\"><b>1. Acceptance of Terms<\/b><\/p>\n<p class=\"p1\"><b><\/b>By accessing and using this website, you agree to comply with these Terms and Conditions and all applicable laws and regulations. If you do not agree with these terms, we ask that you do not use this website.<\/p>\n<p>\u00a0<\/p>\n<p class=\"p1\"><b>2. Use of the Website<\/b><b><\/b><\/p>\n<p class=\"p3 translation-block\">This website and its contents are the property of <b>MYS Energy Consulting<\/b> and are protected by copyright, trademarks, and other intellectual property laws. It is prohibited to copy, modify, distribute, or perform any action that infringes on our rights.<\/p>\n<p>\u00a0<\/p>\n<p class=\"p1\"><b>3. Productos y Servicios<\/b><b><\/b><\/p>\n<p class=\"p3\">Los productos y servicios descritos en este sitio est\u00e1n sujetos a disponibilidad y a las condiciones especificadas en su respectiva secci\u00f3n. Nos reservamos el derecho de modificar, actualizar o discontinuar los productos y servicios sin previo aviso.<\/p>\n<p>\u00a0<\/p>\n<p class=\"p1\"><b>4. Responsability<\/b><b><\/b><\/p>\n<p class=\"p3\">The use of this website is at your own risk. We are not responsible for direct, indirect, incidental, special, or consequential damages arising from the use of this website or its services.<\/p>\n<p>\u00a0<\/p>\n<p class=\"p1\"><b>5. Privacy<\/b><b><\/b><\/p>\n<p class=\"p3\">The privacy of our users is very important to us. You can review our Privacy Policy for details on how we collect, use, and protect your personal information.<\/p>\n<p>\u00a0<\/p>\n<p class=\"p1\"><b>6. External Links<\/b><b><\/b><\/p>\n<p class=\"p3\">Our site may contain links to other websites for your convenience. We are not responsible for the content or privacy practices of those external sites. We recommend that you read the terms and conditions of those sites before browsing.<\/p>\n<p>\u00a0<\/p>\n<p class=\"p1\"><b>7. Modifications of the Terms<\/b><b><\/b><\/p>\n<p class=\"p3\">We reserve the right to modify these Terms and Conditions at any time. Any changes will be posted on this page, and the date of the last update will appear at the bottom of the document.<\/p>\n<p>\u00a0<\/p>\n<p class=\"p1\"><b>8. Intellectual Property<\/b><b><\/b><\/p>\n<p class=\"p3 translation-block\">All content, including texts, images, logos, graphics, videos, music, software, and other materials available on this site, are protected by intellectual property rights and are the property of <b>MYS Energy Consulting<\/b> or its licensors.<\/p>\n<p>\u00a0<\/p>\n<p class=\"p1\"><b>9. Applicable Law<\/b><b><\/b><\/p>\n<p class=\"p3\">These Terms and Conditions shall be governed by and interpreted in accordance with the laws of Mexico. Any dispute arising from the use of this website will be resolved in the competent courts of San Pedro Garza Garc\u00eda.<\/p>\n<p>\u00a0<\/p>\n<p class=\"p1\"><b>10. Disclaimer of Warranties<\/b><b><\/b><\/p>\n<p class=\"p3\">This website and its services are provided \u201cas is,\u201d without any warranties, either express or implied. We do not guarantee that the site will be error-free, uninterrupted, free of viruses, or free from failures.<\/p>\n<p>\u00a0<\/p>\n<p class=\"p1\"><b>11. Restricted Access<\/b><\/p>\n<p class=\"p3\">We reserve the right to deny access to any user who violates these Terms and Conditions, and we may block their access temporarily or permanently.<\/p>\n<p>\u00a0<\/p>\n<p class=\"p1\"><b>12. Contact<\/b><\/p>\n<p class=\"p3\">If you have any questions about these Terms and Conditions, please contact us at info@myscen.com or visit our contact section at <a href=\"https:\/\/myscen.com\/en\/contact\/\">Contact<\/a>.<\/p>\n<p>\u00a0<\/p>\n<p class=\"p1\"><b>Last updated:<\/b> 27 de enero de 2025<\/p>\n\n<p>\u00a0<\/p>\t\t\t\t\t\t\t\t<\/div>\n\t\t\t\t<\/div>\n\t\t\t\t\t<\/div>\n\t\t\t\t<\/div>\n\t\t\t\t<\/div>","protected":false},"excerpt":{"rendered":"<p>1. Aceptaci\u00f3n de los T\u00e9rminos Al acceder y utilizar este sitio web, aceptas cumplir con estos T\u00e9rminos y Condiciones y con todas las leyes y regulaciones aplicables. Si no est\u00e1s de acuerdo con estos t\u00e9rminos, te solicitamos que no uses este sitio web. \u00a0 2. Uso del Sitio Web Este sitio web y sus contenidos [&hellip;]<\/p>\n","protected":false},"author":1,"featured_media":0,"parent":0,"menu_order":0,"comment_status":"closed","ping_status":"closed","template":"","meta":{"footnotes":""},"class_list":["post-3","page","type-page","status-publish","hentry"],"_links":{"self":[{"href":"https:\/\/myscen.com\/en\/wp-json\/wp\/v2\/pages\/3","targetHints":{"allow":["GET"]}}],"collection":[{"href":"https:\/\/myscen.com\/en\/wp-json\/wp\/v2\/pages"}],"about":[{"href":"https:\/\/myscen.com\/en\/wp-json\/wp\/v2\/types\/page"}],"author":[{"embeddable":true,"href":"https:\/\/myscen.com\/en\/wp-json\/wp\/v2\/users\/1"}],"replies":[{"embeddable":true,"href":"https:\/\/myscen.com\/en\/wp-json\/wp\/v2\/comments?post=3"}],"version-history":[{"count":13,"href":"https:\/\/myscen.com\/en\/wp-json\/wp\/v2\/pages\/3\/revisions"}],"predecessor-version":[{"id":2692,"href":"https:\/\/myscen.com\/en\/wp-json\/wp\/v2\/pages\/3\/revisions\/2692"}],"wp:attachment":[{"href":"https:\/\/myscen.com\/en\/wp-json\/wp\/v2\/media?parent=3"}],"curies":[{"name":"wp","href":"https:\/\/api.w.org\/{rel}","templated":true}]}}