{"id":29,"date":"2023-12-08T18:02:34","date_gmt":"2023-12-08T18:02:34","guid":{"rendered":"https:\/\/byteflows.net\/wp\/transpi\/?page_id=29"},"modified":"2025-08-26T16:08:55","modified_gmt":"2025-08-26T22:08:55","slug":"servicios","status":"publish","type":"page","link":"https:\/\/myscen.com\/en\/servicios\/","title":{"rendered":"Services"},"content":{"rendered":"<div data-elementor-type=\"wp-page\" data-elementor-id=\"29\" class=\"elementor elementor-29\">\n\t\t\t\t<div class=\"elementor-element elementor-element-b04d844 e-flex e-con-boxed e-con e-parent\" data-id=\"b04d844\" data-element_type=\"container\" data-e-type=\"container\">\n\t\t\t\t\t<div class=\"e-con-inner\">\n\t\t\t\t<div class=\"elementor-element elementor-element-edd1336 elementor-widget elementor-widget-transpi-heading\" data-id=\"edd1336\" data-element_type=\"widget\" data-e-type=\"widget\" data-widget_type=\"transpi-heading.default\">\n\t\t\t\t<div class=\"elementor-widget-container\">\n\t\t\t\t\t<div class=\"transpi__section-heading transpialigh\">\r\n        <h2 class=\"transpi__heading-title spilit__enable split-in-right\">Permits for Transportation, Distribution, and Storage of Hydrocarbons<\/h2>    <\/div>\t\t\t\t<\/div>\n\t\t\t\t<\/div>\n\t\t\t\t\t<\/div>\n\t\t\t\t<\/div>\n\t\t<div class=\"elementor-element elementor-element-c710474 e-flex e-con-boxed e-con e-parent\" data-id=\"c710474\" data-element_type=\"container\" data-e-type=\"container\">\n\t\t\t\t\t<div class=\"e-con-inner\">\n\t\t<div class=\"elementor-element elementor-element-b1e931b e-con-full e-flex e-con e-child\" data-id=\"b1e931b\" data-element_type=\"container\" data-e-type=\"container\">\n\t\t\t\t<div class=\"elementor-element elementor-element-87a7bdd elementor-widget elementor-widget-image\" data-id=\"87a7bdd\" data-element_type=\"widget\" data-e-type=\"widget\" data-widget_type=\"image.default\">\n\t\t\t\t<div class=\"elementor-widget-container\">\n\t\t\t\t\t\t\t\t\t\t\t\t\t\t\t<img loading=\"lazy\" decoding=\"async\" width=\"1536\" height=\"1024\" src=\"https:\/\/myscen.com\/wp-content\/uploads\/2025\/01\/truck-1181063-1536x1024.jpg\" class=\"attachment-1536x1536 size-1536x1536 wp-image-2076\" alt=\"\" srcset=\"https:\/\/myscen.com\/wp-content\/uploads\/2025\/01\/truck-1181063-1536x1024.jpg 1536w, https:\/\/myscen.com\/wp-content\/uploads\/2025\/01\/truck-1181063-300x200.jpg 300w, https:\/\/myscen.com\/wp-content\/uploads\/2025\/01\/truck-1181063-1024x683.jpg 1024w, https:\/\/myscen.com\/wp-content\/uploads\/2025\/01\/truck-1181063-768x512.jpg 768w, https:\/\/myscen.com\/wp-content\/uploads\/2025\/01\/truck-1181063-600x400.jpg 600w, https:\/\/myscen.com\/wp-content\/uploads\/2025\/01\/truck-1181063.jpg 2048w\" sizes=\"auto, (max-width: 1536px) 100vw, 1536px\" \/>\t\t\t\t\t\t\t\t\t\t\t\t\t\t\t<\/div>\n\t\t\t\t<\/div>\n\t\t\t\t<\/div>\n\t\t<div class=\"elementor-element elementor-element-0a0455c e-con-full e-flex e-con e-child\" data-id=\"0a0455c\" data-element_type=\"container\" data-e-type=\"container\">\n\t\t\t\t<div class=\"elementor-element elementor-element-2afc5cb elementor-widget elementor-widget-transpi-heading\" data-id=\"2afc5cb\" data-element_type=\"widget\" data-e-type=\"widget\" data-widget_type=\"transpi-heading.default\">\n\t\t\t\t<div class=\"elementor-widget-container\">\n\t\t\t\t\t<div class=\"transpi__section-heading transpialigh\">\r\n        <h4 class=\"transpi__heading-title spilit__enable split-in-right\"><\/h4>            <p>Gestionamos de manera integral el tr\u00e1mite de permisos ante la CNE, antes conocida como Comisi\u00f3n Reguladora de Energ\u00eda (CRE), para transporte, distribuci\u00f3n y almacenamiento de hidrocarburos. Nuestro servicio incluye asesor\u00eda personalizada, revisi\u00f3n de requisitos, presentaci\u00f3n de documentaci\u00f3n y seguimiento continuo hasta la aprobaci\u00f3n. Nos aseguramos de que tu proyecto cumpla con todas las normativas legales, permiti\u00e9ndote operar de manera eficiente y sin demoras.<\/p>\r\n    <\/div>\t\t\t\t<\/div>\n\t\t\t\t<\/div>\n\t\t\t\t<div class=\"elementor-element elementor-element-7db5a13 elementor-widget elementor-widget-transpi-btn\" data-id=\"7db5a13\" data-element_type=\"widget\" data-e-type=\"widget\" data-widget_type=\"transpi-btn.default\">\n\t\t\t\t<div class=\"elementor-widget-container\">\n\t\t\t\t\t\t\r\n        <div class=\"btnalign\">\r\n            <a href=\"https:\/\/myscen.com\/en\/servicios\/permisos-para-transportacion-distribucion-y-almacenamiento-de-hidrocarburos\/\" target=\"_blank\" rel=\"nofollow\" class=\"thm__btn\">\r\n                See More                <svg xmlns=\"http:\/\/www.w3.org\/2000\/svg\" width=\"10\" height=\"10\" viewbox=\"0 0 10 10\" fill=\"none\">\r\n                    <path d=\"M8.79102 5L5.36244 1M8.79102 5L5.36244 9M8.79102 5L0.791016 5\" stroke=\"white\" stroke-width=\"1.5\" stroke-linecap=\"round\" stroke-linejoin=\"round\"\/>\r\n                <\/svg>\r\n            <\/a>\r\n        <\/div>\r\n    \t\t\t\t<\/div>\n\t\t\t\t<\/div>\n\t\t\t\t<\/div>\n\t\t\t\t\t<\/div>\n\t\t\t\t<\/div>\n\t\t<div class=\"elementor-element elementor-element-aa8a203 e-flex e-con-boxed e-con e-parent\" data-id=\"aa8a203\" data-element_type=\"container\" data-e-type=\"container\">\n\t\t\t\t\t<div class=\"e-con-inner\">\n\t\t\t\t<div class=\"elementor-element elementor-element-425a558 elementor-widget elementor-widget-transpi-heading\" data-id=\"425a558\" data-element_type=\"widget\" data-e-type=\"widget\" data-widget_type=\"transpi-heading.default\">\n\t\t\t\t<div class=\"elementor-widget-container\">\n\t\t\t\t\t<div class=\"transpi__section-heading transpialigh\">\r\n        <h2 class=\"transpi__heading-title spilit__enable split-in-right\">Additional Permits<\/h2>    <\/div>\t\t\t\t<\/div>\n\t\t\t\t<\/div>\n\t\t\t\t\t<\/div>\n\t\t\t\t<\/div>\n\t\t\t\t<section class=\"elementor-section elementor-top-section elementor-element elementor-element-446a454 elementor-section-full_width elementor-section-height-default elementor-section-height-default\" data-id=\"446a454\" data-element_type=\"section\" data-e-type=\"section\">\n\t\t\t\t\t\t<div class=\"elementor-container elementor-column-gap-no\">\n\t\t\t\t\t<div class=\"elementor-column elementor-col-100 elementor-top-column elementor-element elementor-element-42d71f5\" data-id=\"42d71f5\" data-element_type=\"column\" data-e-type=\"column\">\n\t\t\t<div class=\"elementor-widget-wrap elementor-element-populated\">\n\t\t\t\t\t\t<div class=\"elementor-element elementor-element-5e9422b elementor-widget elementor-widget-transpi-projects\" data-id=\"5e9422b\" data-element_type=\"widget\" data-e-type=\"widget\" data-widget_type=\"transpi-projects.default\">\n\t\t\t\t<div class=\"elementor-widget-container\">\n\t\t\t\t\t\t\r\n        <div class=\"project__wrapper-area\">\r\n            <div class=\"row\">\r\n                                <div class=\"col-xl-3 col-lg-6 col-md-6\">\r\n                    <div class=\"project__item-box active\">\r\n                        <div class=\"project__item-contetn\">\r\n                            <span class=\"count\">01<\/span>\r\n                            <div class=\"content__top\">\r\n                                <span class=\"cate\"><\/span>\r\n                                <h1><a href=\"https:\/\/myscen.com\/en\/servicios\/permisos-de-distribucion\/\" class=\"custom-title-link\">Distribution Permits<\/a><br><br><\/h1>\r\n                            <\/div>\r\n                            <a href=\"https:\/\/myscen.com\/en\/servicios\/permisos-de-distribucion\/\">\r\n                                <svg xmlns=\"http:\/\/www.w3.org\/2000\/svg\" width=\"10\" height=\"10\" viewbox=\"0 0 10 10\" fill=\"none\">\r\n                                    <path d=\"M9 5L5.57143 1M9 5L5.57143 9M9 5L1 5\" stroke=\"#020E28\" stroke-width=\"1.5\" stroke-linecap=\"round\" stroke-linejoin=\"round\"\/>\r\n                                <\/svg>\r\n                            <\/a>\r\n                        <\/div>\r\n                        <div class=\"project__item-img\">\r\n                            <img decoding=\"async\" src=\"http:\/\/myscen.com\/wp-content\/uploads\/2023\/12\/slider-bg-scaled-1.jpg\" alt=\"\">\r\n                        <\/div>\r\n                    <\/div>\r\n                <\/div>\r\n                                <div class=\"col-xl-3 col-lg-6 col-md-6\">\r\n                    <div class=\"project__item-box\">\r\n                        <div class=\"project__item-contetn\">\r\n                            <span class=\"count\">02<\/span>\r\n                            <div class=\"content__top\">\r\n                                <span class=\"cate\"><\/span>\r\n                                <h1><a href=\"https:\/\/myscen.com\/en\/servicios\/permisos-de-almacenamiento\/\" class=\"custom-title-link\">Storage Permits<br>Almacenamiento<\/a><br><br><\/h1>\r\n                            <\/div>\r\n                            <a href=\"https:\/\/myscen.com\/en\/servicios\/permisos-de-almacenamiento\/\">\r\n                                <svg xmlns=\"http:\/\/www.w3.org\/2000\/svg\" width=\"10\" height=\"10\" viewbox=\"0 0 10 10\" fill=\"none\">\r\n                                    <path d=\"M9 5L5.57143 1M9 5L5.57143 9M9 5L1 5\" stroke=\"#020E28\" stroke-width=\"1.5\" stroke-linecap=\"round\" stroke-linejoin=\"round\"\/>\r\n                                <\/svg>\r\n                            <\/a>\r\n                        <\/div>\r\n                        <div class=\"project__item-img\">\r\n                            <img decoding=\"async\" src=\"http:\/\/myscen.com\/wp-content\/uploads\/2025\/01\/almacenamiento-hidrocarburos.webp\" alt=\"\">\r\n                        <\/div>\r\n                    <\/div>\r\n                <\/div>\r\n                                <div class=\"col-xl-3 col-lg-6 col-md-6\">\r\n                    <div class=\"project__item-box\">\r\n                        <div class=\"project__item-contetn\">\r\n                            <span class=\"count\">03<\/span>\r\n                            <div class=\"content__top\">\r\n                                <span class=\"cate\"><\/span>\r\n                                <h1 class=\"translation-block\"><a href=\"https:\/\/myscen.com\/en\/servicios\/permisos-estaciones-auto-consumo\/\" class=\"custom-title-link\" target=\"_self\">Self-Consumption<br>Station Permits<\/a><br><br><\/h1>\r\n                            <\/div>\r\n                            <a href=\"https:\/\/myscen.com\/en\/servicios\/permisos-estaciones-auto-consumo\/\">\r\n                                <svg xmlns=\"http:\/\/www.w3.org\/2000\/svg\" width=\"10\" height=\"10\" viewbox=\"0 0 10 10\" fill=\"none\">\r\n                                    <path d=\"M9 5L5.57143 1M9 5L5.57143 9M9 5L1 5\" stroke=\"#020E28\" stroke-width=\"1.5\" stroke-linecap=\"round\" stroke-linejoin=\"round\"\/>\r\n                                <\/svg>\r\n                            <\/a>\r\n                        <\/div>\r\n                        <div class=\"project__item-img\">\r\n                            <img decoding=\"async\" src=\"http:\/\/myscen.com\/wp-content\/uploads\/2025\/01\/permiso-autoconsumo.webp\" alt=\"\">\r\n                        <\/div>\r\n                    <\/div>\r\n                <\/div>\r\n                                <div class=\"col-xl-3 col-lg-6 col-md-6\">\r\n                    <div class=\"project__item-box\">\r\n                        <div class=\"project__item-contetn\">\r\n                            <span class=\"count\">04<\/span>\r\n                            <div class=\"content__top\">\r\n                                <span class=\"cate\"><\/span>\r\n                                <h1 class=\"translation-block\"><a href=\"https:\/\/myscen.com\/en\/servicios\/permisos-estaciones-de-servicio\/\" class=\"custom-title-link\" target=\"_self\">Service Station<br>Permits<\/a><br><br><\/h1>\r\n                            <\/div>\r\n                            <a href=\"https:\/\/myscen.com\/en\/servicios\/permisos-estaciones-de-servicio\/\">\r\n                                <svg xmlns=\"http:\/\/www.w3.org\/2000\/svg\" width=\"10\" height=\"10\" viewbox=\"0 0 10 10\" fill=\"none\">\r\n                                    <path d=\"M9 5L5.57143 1M9 5L5.57143 9M9 5L1 5\" stroke=\"#020E28\" stroke-width=\"1.5\" stroke-linecap=\"round\" stroke-linejoin=\"round\"\/>\r\n                                <\/svg>\r\n                            <\/a>\r\n                        <\/div>\r\n                        <div class=\"project__item-img\">\r\n                            <img decoding=\"async\" src=\"http:\/\/myscen.com\/wp-content\/uploads\/2025\/01\/estacion-de-servicio.webp\" alt=\"\">\r\n                        <\/div>\r\n                    <\/div>\r\n                <\/div>\r\n                            <\/div>\r\n        <\/div>\r\n    \t\t\t\t<\/div>\n\t\t\t\t<\/div>\n\t\t\t\t\t<\/div>\n\t\t<\/div>\n\t\t\t\t\t<\/div>\n\t\t<\/section>\n\t\t\t\t<\/div>","protected":false},"excerpt":{"rendered":"<p>Permisos para Transportaci\u00f3n, Distribuci\u00f3n y Almacenamiento de Hidrocarburos Gestionamos de manera integral el tr\u00e1mite de permisos ante la CNE, antes conocida como Comisi\u00f3n Reguladora de Energ\u00eda (CRE), para transporte, distribuci\u00f3n y almacenamiento de hidrocarburos. Nuestro servicio incluye asesor\u00eda personalizada, revisi\u00f3n de requisitos, presentaci\u00f3n de documentaci\u00f3n y seguimiento continuo hasta la aprobaci\u00f3n. Nos aseguramos de que [&hellip;]<\/p>\n","protected":false},"author":1,"featured_media":0,"parent":0,"menu_order":0,"comment_status":"closed","ping_status":"closed","template":"elementor_header_footer","meta":{"footnotes":""},"class_list":["post-29","page","type-page","status-publish","hentry"],"_links":{"self":[{"href":"https:\/\/myscen.com\/en\/wp-json\/wp\/v2\/pages\/29","targetHints":{"allow":["GET"]}}],"collection":[{"href":"https:\/\/myscen.com\/en\/wp-json\/wp\/v2\/pages"}],"about":[{"href":"https:\/\/myscen.com\/en\/wp-json\/wp\/v2\/types\/page"}],"author":[{"embeddable":true,"href":"https:\/\/myscen.com\/en\/wp-json\/wp\/v2\/users\/1"}],"replies":[{"embeddable":true,"href":"https:\/\/myscen.com\/en\/wp-json\/wp\/v2\/comments?post=29"}],"version-history":[{"count":138,"href":"https:\/\/myscen.com\/en\/wp-json\/wp\/v2\/pages\/29\/revisions"}],"predecessor-version":[{"id":3330,"href":"https:\/\/myscen.com\/en\/wp-json\/wp\/v2\/pages\/29\/revisions\/3330"}],"wp:attachment":[{"href":"https:\/\/myscen.com\/en\/wp-json\/wp\/v2\/media?parent=29"}],"curies":[{"name":"wp","href":"https:\/\/api.w.org\/{rel}","templated":true}]}}