{"id":2168,"date":"2025-01-20T12:19:02","date_gmt":"2025-01-20T18:19:02","guid":{"rendered":"https:\/\/myscen.com\/?page_id=2168"},"modified":"2025-08-26T16:57:23","modified_gmt":"2025-08-26T22:57:23","slug":"reportes-normativos","status":"publish","type":"page","link":"https:\/\/myscen.com\/en\/servicios\/reportes-normativos\/","title":{"rendered":"Regulatory Reports"},"content":{"rendered":"<div data-elementor-type=\"wp-page\" data-elementor-id=\"2168\" class=\"elementor elementor-2168\">\n\t\t\t\t\t\t<section class=\"elementor-section elementor-top-section elementor-element elementor-element-5dd8828 elementor-section-boxed elementor-section-height-default elementor-section-height-default\" data-id=\"5dd8828\" data-element_type=\"section\" data-e-type=\"section\">\n\t\t\t\t\t\t<div class=\"elementor-container elementor-column-gap-default\">\n\t\t\t\t\t<div class=\"elementor-column elementor-col-33 elementor-top-column elementor-element elementor-element-883e883\" data-id=\"883e883\" data-element_type=\"column\" data-e-type=\"column\">\n\t\t\t<div class=\"elementor-widget-wrap elementor-element-populated\">\n\t\t\t\t\t\t<div class=\"elementor-element elementor-element-3c20080 elementor-widget elementor-widget-transpi-service-list\" data-id=\"3c20080\" data-element_type=\"widget\" data-e-type=\"widget\" data-widget_type=\"transpi-service-list.default\">\n\t\t\t\t<div class=\"elementor-widget-container\">\n\t\t\t\t\t\t\r\n\t\t<div class=\"services__list-wrapper\">\r\n            <ul>\r\n                                    <li><a href=\"https:\/\/myscen.com\/en\/servicios\/cumplimiento-de-obligaciones\/\">Compliance with Obligations <i class=\"far fa-long-arrow-right\"><\/i><\/a><\/li>\r\n                                    <li><a href=\"https:\/\/myscen.com\/en\/servicios\/actualizaciones-y-modificaciones\/\">Updates and Modifications <i class=\"far fa-long-arrow-right\"><\/i><\/a><\/li>\r\n                                    <li><a href=\"https:\/\/myscen.com\/en\/servicios\/expansion-de-rutas\/\">Expansion of Routes <i class=\"far fa-long-arrow-right\"><\/i><\/a><\/li>\r\n                                    <li><a href=\"https:\/\/myscen.com\/en\/servicios\/cesion-de-derechos\/\">Transfer of Rights <i class=\"far fa-long-arrow-right\"><\/i><\/a><\/li>\r\n                            <\/ul>\r\n        <\/div>\r\n    \t\t\t\t<\/div>\n\t\t\t\t<\/div>\n\t\t\t\t<section class=\"elementor-section elementor-inner-section elementor-element elementor-element-e325a0d elementor-section-full_width elementor-section-height-default elementor-section-height-default\" data-id=\"e325a0d\" data-element_type=\"section\" data-e-type=\"section\" data-settings=\"{&quot;background_background&quot;:&quot;classic&quot;}\">\n\t\t\t\t\t\t\t<div class=\"elementor-background-overlay\"><\/div>\n\t\t\t\t\t\t\t<div class=\"elementor-container elementor-column-gap-no\">\n\t\t\t\t\t<div class=\"elementor-column elementor-col-100 elementor-inner-column elementor-element elementor-element-160c6db\" data-id=\"160c6db\" data-element_type=\"column\" data-e-type=\"column\">\n\t\t\t<div class=\"elementor-widget-wrap elementor-element-populated\">\n\t\t\t\t\t\t<div class=\"elementor-element elementor-element-9eaacad elementor-widget elementor-widget-heading\" data-id=\"9eaacad\" data-element_type=\"widget\" data-e-type=\"widget\" data-widget_type=\"heading.default\">\n\t\t\t\t<div class=\"elementor-widget-container\">\n\t\t\t\t\t<h2 class=\"elementor-heading-title elementor-size-default\">Get a Quote!<\/h2>\t\t\t\t<\/div>\n\t\t\t\t<\/div>\n\t\t\t\t<div class=\"elementor-element elementor-element-d52ecfa elementor-position-inline-start elementor-view-default elementor-mobile-position-block-start elementor-widget elementor-widget-icon-box\" data-id=\"d52ecfa\" data-element_type=\"widget\" data-e-type=\"widget\" data-widget_type=\"icon-box.default\">\n\t\t\t\t<div class=\"elementor-widget-container\">\n\t\t\t\t\t\t\t<div class=\"elementor-icon-box-wrapper\">\n\n\t\t\t\t\t\t<div class=\"elementor-icon-box-icon\">\n\t\t\t\t<a href=\"https:\/\/api.whatsapp.com\/send\/?phone=5218128888139&#038;text&#038;type=phone_number&#038;app_absent=0\" class=\"elementor-icon\" tabindex=\"-1\" aria-label=\"Contact Us\" target=\"_blank\" rel=\"noopener\">\n\t\t\t\t<i aria-hidden=\"true\" class=\"fab fa-whatsapp-square\"><\/i>\t\t\t\t<\/a>\n\t\t\t<\/div>\n\t\t\t\n\t\t\t\t\t\t<div class=\"elementor-icon-box-content\">\n\n\t\t\t\t\t\t\t\t\t<h3 class=\"elementor-icon-box-title\">\n\t\t\t\t\t\t<a href=\"https:\/\/api.whatsapp.com\/send\/?phone=5218128888139&#038;text&#038;type=phone_number&#038;app_absent=0\" target=\"_blank\" rel=\"noopener\">\n\t\t\t\t\t\t\tContact Us\t\t\t\t\t\t<\/a>\n\t\t\t\t\t<\/h3>\n\t\t\t\t\n\t\t\t\t\t\t\t\t\t<p class=\"elementor-icon-box-description\">\n\t\t\t\t\t\t+52 81 2888 8139\t\t\t\t\t<\/p>\n\t\t\t\t\n\t\t\t<\/div>\n\t\t\t\n\t\t<\/div>\n\t\t\t\t\t\t<\/div>\n\t\t\t\t<\/div>\n\t\t\t\t\t<\/div>\n\t\t<\/div>\n\t\t\t\t\t<\/div>\n\t\t<\/section>\n\t\t\t\t\t<\/div>\n\t\t<\/div>\n\t\t\t\t<div class=\"elementor-column elementor-col-66 elementor-top-column elementor-element elementor-element-23dff89\" data-id=\"23dff89\" data-element_type=\"column\" data-e-type=\"column\">\n\t\t\t<div class=\"elementor-widget-wrap elementor-element-populated\">\n\t\t\t\t\t\t<div class=\"elementor-element elementor-element-e632b26 elementor-widget elementor-widget-image\" data-id=\"e632b26\" data-element_type=\"widget\" data-e-type=\"widget\" data-widget_type=\"image.default\">\n\t\t\t\t<div class=\"elementor-widget-container\">\n\t\t\t\t\t\t\t\t\t\t\t\t\t\t\t<img loading=\"lazy\" decoding=\"async\" width=\"640\" height=\"428\" src=\"https:\/\/myscen.com\/wp-content\/uploads\/2024\/11\/reportes-trimestrales-anuales-1024x684.webp\" class=\"attachment-large size-large wp-image-1850\" alt=\"\" srcset=\"https:\/\/myscen.com\/wp-content\/uploads\/2024\/11\/reportes-trimestrales-anuales-1024x684.webp 1024w, https:\/\/myscen.com\/wp-content\/uploads\/2024\/11\/reportes-trimestrales-anuales-300x200.webp 300w, https:\/\/myscen.com\/wp-content\/uploads\/2024\/11\/reportes-trimestrales-anuales-768x513.webp 768w, https:\/\/myscen.com\/wp-content\/uploads\/2024\/11\/reportes-trimestrales-anuales-1536x1025.webp 1536w, https:\/\/myscen.com\/wp-content\/uploads\/2024\/11\/reportes-trimestrales-anuales-600x401.webp 600w, https:\/\/myscen.com\/wp-content\/uploads\/2024\/11\/reportes-trimestrales-anuales.webp 2000w\" sizes=\"auto, (max-width: 640px) 100vw, 640px\" \/>\t\t\t\t\t\t\t\t\t\t\t\t\t\t\t<\/div>\n\t\t\t\t<\/div>\n\t\t\t\t<div class=\"elementor-element elementor-element-270a304 elementor-widget elementor-widget-heading\" data-id=\"270a304\" data-element_type=\"widget\" data-e-type=\"widget\" data-widget_type=\"heading.default\">\n\t\t\t\t<div class=\"elementor-widget-container\">\n\t\t\t\t\t<h2 class=\"elementor-heading-title elementor-size-default\">Regulatory Reports<\/h2>\t\t\t\t<\/div>\n\t\t\t\t<\/div>\n\t\t\t\t<div class=\"elementor-element elementor-element-9763274 elementor-widget elementor-widget-heading\" data-id=\"9763274\" data-element_type=\"widget\" data-e-type=\"widget\" data-widget_type=\"heading.default\">\n\t\t\t\t<div class=\"elementor-widget-container\">\n\t\t\t\t\t<p class=\"elementor-heading-title elementor-size-default\">En un entorno regulado como el energ\u00e9tico, los reportes normativos son esenciales para demostrar el cumplimiento de las disposiciones establecidas por las autoridades, como la Comisi\u00f3n Nacional de Energ\u00eda (CNE), antes conocida como Comisi\u00f3n Reguladora de Energ\u00eda (CRE), y otras entidades del sector. En MYS Consultor\u00eda Energ\u00e9tica, te apoyamos para que cumplas con tus obligaciones normativas de manera precisa, oportuna y sin complicaciones.<\/p>\t\t\t\t<\/div>\n\t\t\t\t<\/div>\n\t\t\t\t<div class=\"elementor-element elementor-element-abb5c4c elementor-widget elementor-widget-heading\" data-id=\"abb5c4c\" data-element_type=\"widget\" data-e-type=\"widget\" data-widget_type=\"heading.default\">\n\t\t\t\t<div class=\"elementor-widget-container\">\n\t\t\t\t\t<h2 class=\"elementor-heading-title elementor-size-default\">\u00bfQu\u00e9 incluye nuestro servicio de Reportes Normativos?<\/h2>\t\t\t\t<\/div>\n\t\t\t\t<\/div>\n\t\t\t\t<div class=\"elementor-element elementor-element-675ac7d elementor-widget elementor-widget-transpi-list\" data-id=\"675ac7d\" data-element_type=\"widget\" data-e-type=\"widget\" data-widget_type=\"transpi-list.default\">\n\t\t\t\t<div class=\"elementor-widget-container\">\n\t\t\t\t\t\t\r\n        <div class=\"transpi__list-item style-1\">\r\n            <ul>\r\n                                    <li>Elaboraci\u00f3n de reportes personalizados: Adaptamos cada informe a los requisitos espec\u00edficos de tu actividad, ya sea transporte, distribuci\u00f3n, almacenamiento o comercializaci\u00f3n de hidrocarburos y energ\u00edas renovables.<\/li>\r\n                                    <li>An\u00e1lisis de cumplimiento: Revisamos tus operaciones para garantizar que toda la informaci\u00f3n presentada cumpla con los est\u00e1ndares y normativas aplicables.<\/li>\r\n                                    <li>Presentaci\u00f3n ante la CNE: Gestionamos la entrega puntual de los reportes en las plataformas oficiales y realizamos el seguimiento necesario para confirmar su recepci\u00f3n y aprobaci\u00f3n.<\/li>\r\n                                    <li>Actualizaci\u00f3n normativa: Te mantenemos informado sobre cambios regulatorios que puedan afectar los formatos, periodicidad o requisitos de tus reportes.<\/li>\r\n                                    <li>Auditor\u00edas internas: Detectamos \u00e1reas de oportunidad y proponemos mejoras para evitar multas o sanciones por incumplimientos normativos.<\/li>\r\n                            <\/ul>\r\n        <\/div>\r\n    \t\t\t\t<\/div>\n\t\t\t\t<\/div>\n\t\t\t\t<div class=\"elementor-element elementor-element-5052cee elementor-widget elementor-widget-heading\" data-id=\"5052cee\" data-element_type=\"widget\" data-e-type=\"widget\" data-widget_type=\"heading.default\">\n\t\t\t\t<div class=\"elementor-widget-container\">\n\t\t\t\t\t<h2 class=\"elementor-heading-title elementor-size-default\">\u00bfPor qu\u00e9 son importantes los Reportes Normativos?<\/h2>\t\t\t\t<\/div>\n\t\t\t\t<\/div>\n\t\t\t\t<div class=\"elementor-element elementor-element-5d11eb6 elementor-widget elementor-widget-transpi-list\" data-id=\"5d11eb6\" data-element_type=\"widget\" data-e-type=\"widget\" data-widget_type=\"transpi-list.default\">\n\t\t\t\t<div class=\"elementor-widget-container\">\n\t\t\t\t\t\t\r\n        <div class=\"transpi__list-item style-1\">\r\n            <ul>\r\n                                    <li>Evitan sanciones: Cumplir con los reportes requeridos evita multas, sanciones econ\u00f3micas o incluso la suspensi\u00f3n de operaciones.<\/li>\r\n                                    <li>Aseguran transparencia: Presentar informaci\u00f3n clara y precisa fortalece la relaci\u00f3n con las autoridades regulatorias y respalda la continuidad de tu negocio.<\/li>\r\n                                    <li>Promueven buenas pr\u00e1cticas: Los reportes permiten identificar \u00e1reas de mejora y optimizaci\u00f3n dentro de tus procesos operativos.<\/li>\r\n                            <\/ul>\r\n        <\/div>\r\n    \t\t\t\t<\/div>\n\t\t\t\t<\/div>\n\t\t\t\t<div class=\"elementor-element elementor-element-d80e966 elementor-widget elementor-widget-heading\" data-id=\"d80e966\" data-element_type=\"widget\" data-e-type=\"widget\" data-widget_type=\"heading.default\">\n\t\t\t\t<div class=\"elementor-widget-container\">\n\t\t\t\t\t<h2 class=\"elementor-heading-title elementor-size-default\">Beneficios de elegir a MYS Consultor\u00eda Energ\u00e9tica<\/h2>\t\t\t\t<\/div>\n\t\t\t\t<\/div>\n\t\t\t\t<div class=\"elementor-element elementor-element-d0681ae elementor-widget elementor-widget-transpi-list\" data-id=\"d0681ae\" data-element_type=\"widget\" data-e-type=\"widget\" data-widget_type=\"transpi-list.default\">\n\t\t\t\t<div class=\"elementor-widget-container\">\n\t\t\t\t\t\t\r\n        <div class=\"transpi__list-item style-1\">\r\n            <ul>\r\n                                    <li>Expertos en normatividad energ\u00e9tica: Nuestro equipo cuenta con un profundo conocimiento de las leyes y reglamentos aplicables al sector energ\u00e9tico en M\u00e9xico.<\/li>\r\n                                    <li>Tranquilidad operativa: Nos encargamos de todos los detalles para que puedas concentrarte en el crecimiento de tu negocio.<\/li>\r\n                                    <li>Adaptaci\u00f3n a tu empresa: Dise\u00f1amos soluciones personalizadas seg\u00fan las caracter\u00edsticas de tu operaci\u00f3n y los requerimientos regulatorios espec\u00edficos.<\/li>\r\n                                    <li>Entrega puntual: Garantizamos que tus reportes se presenten en tiempo y forma, evitando retrasos o inconsistencias.<\/li>\r\n                            <\/ul>\r\n        <\/div>\r\n    \t\t\t\t<\/div>\n\t\t\t\t<\/div>\n\t\t\t\t<div class=\"elementor-element elementor-element-02baedb elementor-widget elementor-widget-heading\" data-id=\"02baedb\" data-element_type=\"widget\" data-e-type=\"widget\" data-widget_type=\"heading.default\">\n\t\t\t\t<div class=\"elementor-widget-container\">\n\t\t\t\t\t<p class=\"elementor-heading-title elementor-size-default\">Cumple con tus obligaciones normativas sin complicaciones. \u00a1Conf\u00eda en MYS Consultor\u00eda Energ\u00e9tica para gestionar tus reportes con excelencia y precisi\u00f3n!<\/p>\t\t\t\t<\/div>\n\t\t\t\t<\/div>\n\t\t\t\t\t<\/div>\n\t\t<\/div>\n\t\t\t\t\t<\/div>\n\t\t<\/section>\n\t\t\t\t<\/div>","protected":false},"excerpt":{"rendered":"<p>Cumplimiento de Obligaciones Actualizaciones y Modificaciones Expansi\u00f3n de Rutas Cesi\u00f3n de Derechos \u00a1Cotiza Aqu\u00ed! Cont\u00e1ctanos +52 81 2888 8139 Reportes Normativos En un entorno regulado como el energ\u00e9tico, los reportes normativos son esenciales para demostrar el cumplimiento de las disposiciones establecidas por las autoridades, como la Comisi\u00f3n Nacional de Energ\u00eda (CNE), antes conocida como Comisi\u00f3n [&hellip;]<\/p>\n","protected":false},"author":1,"featured_media":0,"parent":29,"menu_order":0,"comment_status":"closed","ping_status":"closed","template":"elementor_header_footer","meta":{"footnotes":""},"class_list":["post-2168","page","type-page","status-publish","hentry"],"_links":{"self":[{"href":"https:\/\/myscen.com\/en\/wp-json\/wp\/v2\/pages\/2168","targetHints":{"allow":["GET"]}}],"collection":[{"href":"https:\/\/myscen.com\/en\/wp-json\/wp\/v2\/pages"}],"about":[{"href":"https:\/\/myscen.com\/en\/wp-json\/wp\/v2\/types\/page"}],"author":[{"embeddable":true,"href":"https:\/\/myscen.com\/en\/wp-json\/wp\/v2\/users\/1"}],"replies":[{"embeddable":true,"href":"https:\/\/myscen.com\/en\/wp-json\/wp\/v2\/comments?post=2168"}],"version-history":[{"count":46,"href":"https:\/\/myscen.com\/en\/wp-json\/wp\/v2\/pages\/2168\/revisions"}],"predecessor-version":[{"id":3406,"href":"https:\/\/myscen.com\/en\/wp-json\/wp\/v2\/pages\/2168\/revisions\/3406"}],"up":[{"embeddable":true,"href":"https:\/\/myscen.com\/en\/wp-json\/wp\/v2\/pages\/29"}],"wp:attachment":[{"href":"https:\/\/myscen.com\/en\/wp-json\/wp\/v2\/media?parent=2168"}],"curies":[{"name":"wp","href":"https:\/\/api.w.org\/{rel}","templated":true}]}}