{"id":2166,"date":"2025-01-20T12:18:01","date_gmt":"2025-01-20T18:18:01","guid":{"rendered":"https:\/\/myscen.com\/?page_id=2166"},"modified":"2025-09-02T21:04:44","modified_gmt":"2025-09-03T03:04:44","slug":"cesion-de-derechos","status":"publish","type":"page","link":"https:\/\/myscen.com\/en\/servicios\/cesion-de-derechos\/","title":{"rendered":"Transfer of Rights"},"content":{"rendered":"<div data-elementor-type=\"wp-page\" data-elementor-id=\"2166\" class=\"elementor elementor-2166\">\n\t\t\t\t\t\t<section class=\"elementor-section elementor-top-section elementor-element elementor-element-5dd8828 elementor-section-boxed elementor-section-height-default elementor-section-height-default\" data-id=\"5dd8828\" data-element_type=\"section\" data-e-type=\"section\">\n\t\t\t\t\t\t<div class=\"elementor-container elementor-column-gap-default\">\n\t\t\t\t\t<div class=\"elementor-column elementor-col-33 elementor-top-column elementor-element elementor-element-883e883\" data-id=\"883e883\" data-element_type=\"column\" data-e-type=\"column\">\n\t\t\t<div class=\"elementor-widget-wrap elementor-element-populated\">\n\t\t\t\t\t\t<div class=\"elementor-element elementor-element-3c20080 elementor-widget elementor-widget-transpi-service-list\" data-id=\"3c20080\" data-element_type=\"widget\" data-e-type=\"widget\" data-widget_type=\"transpi-service-list.default\">\n\t\t\t\t<div class=\"elementor-widget-container\">\n\t\t\t\t\t\t\r\n\t\t<div class=\"services__list-wrapper\">\r\n            <ul>\r\n                                    <li><a href=\"https:\/\/myscen.com\/en\/servicios\/cumplimiento-de-obligaciones\/\">Compliance with Obligations <i class=\"far fa-long-arrow-right\"><\/i><\/a><\/li>\r\n                                    <li><a href=\"https:\/\/myscen.com\/en\/servicios\/actualizaciones-y-modificaciones\/\">Updates and Modifications <i class=\"far fa-long-arrow-right\"><\/i><\/a><\/li>\r\n                                    <li><a href=\"https:\/\/myscen.com\/en\/servicios\/expansion-de-rutas\/\">Expansion of Routes <i class=\"far fa-long-arrow-right\"><\/i><\/a><\/li>\r\n                                    <li><a href=\"https:\/\/myscen.com\/en\/servicios\/reportes-normativos\/\">Regulatory Reports <i class=\"far fa-long-arrow-right\"><\/i><\/a><\/li>\r\n                            <\/ul>\r\n        <\/div>\r\n    \t\t\t\t<\/div>\n\t\t\t\t<\/div>\n\t\t\t\t<section class=\"elementor-section elementor-inner-section elementor-element elementor-element-e325a0d elementor-section-full_width elementor-section-height-default elementor-section-height-default\" data-id=\"e325a0d\" data-element_type=\"section\" data-e-type=\"section\" data-settings=\"{&quot;background_background&quot;:&quot;classic&quot;}\">\n\t\t\t\t\t\t\t<div class=\"elementor-background-overlay\"><\/div>\n\t\t\t\t\t\t\t<div class=\"elementor-container elementor-column-gap-no\">\n\t\t\t\t\t<div class=\"elementor-column elementor-col-100 elementor-inner-column elementor-element elementor-element-160c6db\" data-id=\"160c6db\" data-element_type=\"column\" data-e-type=\"column\">\n\t\t\t<div class=\"elementor-widget-wrap elementor-element-populated\">\n\t\t\t\t\t\t<div class=\"elementor-element elementor-element-9eaacad elementor-widget elementor-widget-heading\" data-id=\"9eaacad\" data-element_type=\"widget\" data-e-type=\"widget\" data-widget_type=\"heading.default\">\n\t\t\t\t<div class=\"elementor-widget-container\">\n\t\t\t\t\t<h2 class=\"elementor-heading-title elementor-size-default\">Get a Quote!<\/h2>\t\t\t\t<\/div>\n\t\t\t\t<\/div>\n\t\t\t\t<div class=\"elementor-element elementor-element-d52ecfa elementor-position-inline-start elementor-view-default elementor-mobile-position-block-start elementor-widget elementor-widget-icon-box\" data-id=\"d52ecfa\" data-element_type=\"widget\" data-e-type=\"widget\" data-widget_type=\"icon-box.default\">\n\t\t\t\t<div class=\"elementor-widget-container\">\n\t\t\t\t\t\t\t<div class=\"elementor-icon-box-wrapper\">\n\n\t\t\t\t\t\t<div class=\"elementor-icon-box-icon\">\n\t\t\t\t<a href=\"https:\/\/api.whatsapp.com\/send\/?phone=5218128888139&#038;text&#038;type=phone_number&#038;app_absent=0\" class=\"elementor-icon\" tabindex=\"-1\" aria-label=\"Contact Us\" target=\"_blank\" rel=\"noopener\">\n\t\t\t\t<i aria-hidden=\"true\" class=\"fab fa-whatsapp-square\"><\/i>\t\t\t\t<\/a>\n\t\t\t<\/div>\n\t\t\t\n\t\t\t\t\t\t<div class=\"elementor-icon-box-content\">\n\n\t\t\t\t\t\t\t\t\t<h3 class=\"elementor-icon-box-title\">\n\t\t\t\t\t\t<a href=\"https:\/\/api.whatsapp.com\/send\/?phone=5218128888139&#038;text&#038;type=phone_number&#038;app_absent=0\" target=\"_blank\" rel=\"noopener\">\n\t\t\t\t\t\t\tContact Us\t\t\t\t\t\t<\/a>\n\t\t\t\t\t<\/h3>\n\t\t\t\t\n\t\t\t\t\t\t\t\t\t<p class=\"elementor-icon-box-description\">\n\t\t\t\t\t\t+52 81 2888 8139\t\t\t\t\t<\/p>\n\t\t\t\t\n\t\t\t<\/div>\n\t\t\t\n\t\t<\/div>\n\t\t\t\t\t\t<\/div>\n\t\t\t\t<\/div>\n\t\t\t\t\t<\/div>\n\t\t<\/div>\n\t\t\t\t\t<\/div>\n\t\t<\/section>\n\t\t\t\t\t<\/div>\n\t\t<\/div>\n\t\t\t\t<div class=\"elementor-column elementor-col-66 elementor-top-column elementor-element elementor-element-23dff89\" data-id=\"23dff89\" data-element_type=\"column\" data-e-type=\"column\">\n\t\t\t<div class=\"elementor-widget-wrap elementor-element-populated\">\n\t\t\t\t\t\t<div class=\"elementor-element elementor-element-e632b26 elementor-widget elementor-widget-image\" data-id=\"e632b26\" data-element_type=\"widget\" data-e-type=\"widget\" data-widget_type=\"image.default\">\n\t\t\t\t<div class=\"elementor-widget-container\">\n\t\t\t\t\t\t\t\t\t\t\t\t\t\t\t<img loading=\"lazy\" decoding=\"async\" width=\"640\" height=\"426\" src=\"https:\/\/myscen.com\/wp-content\/uploads\/2025\/01\/cesion-derechos-1024x682.webp\" class=\"attachment-large size-large wp-image-2179\" alt=\"\" srcset=\"https:\/\/myscen.com\/wp-content\/uploads\/2025\/01\/cesion-derechos-1024x682.webp 1024w, https:\/\/myscen.com\/wp-content\/uploads\/2025\/01\/cesion-derechos-300x200.webp 300w, https:\/\/myscen.com\/wp-content\/uploads\/2025\/01\/cesion-derechos-768x512.webp 768w, https:\/\/myscen.com\/wp-content\/uploads\/2025\/01\/cesion-derechos-1536x1024.webp 1536w, https:\/\/myscen.com\/wp-content\/uploads\/2025\/01\/cesion-derechos-600x400.webp 600w, https:\/\/myscen.com\/wp-content\/uploads\/2025\/01\/cesion-derechos.webp 2000w\" sizes=\"auto, (max-width: 640px) 100vw, 640px\" \/>\t\t\t\t\t\t\t\t\t\t\t\t\t\t\t<\/div>\n\t\t\t\t<\/div>\n\t\t\t\t<div class=\"elementor-element elementor-element-270a304 elementor-widget elementor-widget-heading\" data-id=\"270a304\" data-element_type=\"widget\" data-e-type=\"widget\" data-widget_type=\"heading.default\">\n\t\t\t\t<div class=\"elementor-widget-container\">\n\t\t\t\t\t<h2 class=\"elementor-heading-title elementor-size-default\">Transfer of Rights<\/h2>\t\t\t\t<\/div>\n\t\t\t\t<\/div>\n\t\t\t\t<div class=\"elementor-element elementor-element-9763274 elementor-widget elementor-widget-heading\" data-id=\"9763274\" data-element_type=\"widget\" data-e-type=\"widget\" data-widget_type=\"heading.default\">\n\t\t\t\t<div class=\"elementor-widget-container\">\n\t\t\t\t\t<p class=\"elementor-heading-title elementor-size-default\">En el sector energ\u00e9tico, la cesi\u00f3n de derechos es un proceso clave para transferir permisos, concesiones o contratos de forma legal y sin contratiempos. En MYS Consultor\u00eda Energ\u00e9tica, entendemos que este proceso puede ser complejo debido a los estrictos requisitos de la Comisi\u00f3n Nacional de Energ\u00eda (CNE), organismo que anteriormente fue la Comisi\u00f3n Reguladora de Energ\u00eda (CRE), y otras instancias regulatorias. Por ello, ofrecemos un servicio integral para gestionar la cesi\u00f3n de derechos de manera \u00e1gil, transparente y 100% conforme a la ley.<\/p>\t\t\t\t<\/div>\n\t\t\t\t<\/div>\n\t\t\t\t<div class=\"elementor-element elementor-element-b3b9952 elementor-widget elementor-widget-heading\" data-id=\"b3b9952\" data-element_type=\"widget\" data-e-type=\"widget\" data-widget_type=\"heading.default\">\n\t\t\t\t<div class=\"elementor-widget-container\">\n\t\t\t\t\t<h2 class=\"elementor-heading-title elementor-size-default\">\u00bfQu\u00e9 incluye este servicio?<\/h2>\t\t\t\t<\/div>\n\t\t\t\t<\/div>\n\t\t\t\t<div class=\"elementor-element elementor-element-06412ef elementor-widget elementor-widget-transpi-list\" data-id=\"06412ef\" data-element_type=\"widget\" data-e-type=\"widget\" data-widget_type=\"transpi-list.default\">\n\t\t\t\t<div class=\"elementor-widget-container\">\n\t\t\t\t\t\t\r\n        <div class=\"transpi__list-item style-1\">\r\n            <ul>\r\n                                    <li>Asesor\u00eda jur\u00eddica personalizada: Evaluamos tus necesidades y preparamos una estrategia legal que garantice una transferencia sin riesgos.<\/li>\r\n                                    <li>Gesti\u00f3n ante la CNE: Nos encargamos de todos los tr\u00e1mites y requisitos para obtener la aprobaci\u00f3n de la Comisi\u00f3n Reguladora de Energ\u00eda.<\/li>\r\n                                    <li>Revisi\u00f3n y redacci\u00f3n de contratos: Nos aseguramos de que los t\u00e9rminos de la cesi\u00f3n est\u00e9n claros, precisos y protejan tus intereses.<\/li>\r\n                                    <li>Due diligence: Analizamos los permisos o contratos existentes para verificar su vigencia y cumplimiento normativo antes de la cesi\u00f3n.<\/li>\r\n                                    <li>Seguimiento continuo: Te mantenemos informado durante todo el proceso, desde la solicitud inicial hasta la resoluci\u00f3n final.<\/li>\r\n                            <\/ul>\r\n        <\/div>\r\n    \t\t\t\t<\/div>\n\t\t\t\t<\/div>\n\t\t\t\t<div class=\"elementor-element elementor-element-f4c8ed1 elementor-widget elementor-widget-heading\" data-id=\"f4c8ed1\" data-element_type=\"widget\" data-e-type=\"widget\" data-widget_type=\"heading.default\">\n\t\t\t\t<div class=\"elementor-widget-container\">\n\t\t\t\t\t<h2 class=\"elementor-heading-title elementor-size-default\">Beneficios de Nuestro Servicio de Cesi\u00f3n de Derechos<\/h2>\t\t\t\t<\/div>\n\t\t\t\t<\/div>\n\t\t\t\t<div class=\"elementor-element elementor-element-28b7d2d elementor-widget elementor-widget-transpi-list\" data-id=\"28b7d2d\" data-element_type=\"widget\" data-e-type=\"widget\" data-widget_type=\"transpi-list.default\">\n\t\t\t\t<div class=\"elementor-widget-container\">\n\t\t\t\t\t\t\r\n        <div class=\"transpi__list-item style-1\">\r\n            <ul>\r\n                                    <li>Cumplimiento normativo: Nos aseguramos de que la cesi\u00f3n se realice conforme a las disposiciones legales y regulatorias vigentes.<\/li>\r\n                                    <li>Protecci\u00f3n de intereses: Cuidamos cada detalle para minimizar riesgos y garantizar la transferencia segura de tus derechos.<\/li>\r\n                                    <li>Optimizaci\u00f3n del tiempo: Gracias a nuestra experiencia, reducimos tiempos de gesti\u00f3n y agilizamos el proceso.<\/li>\r\n                                    <li>Soporte integral: Contamos con expertos en regulaciones energ\u00e9ticas, legales y administrativas para apoyarte en cada etapa.<\/li>\r\n                            <\/ul>\r\n        <\/div>\r\n    \t\t\t\t<\/div>\n\t\t\t\t<\/div>\n\t\t\t\t<div class=\"elementor-element elementor-element-b75110f elementor-widget elementor-widget-heading\" data-id=\"b75110f\" data-element_type=\"widget\" data-e-type=\"widget\" data-widget_type=\"heading.default\">\n\t\t\t\t<div class=\"elementor-widget-container\">\n\t\t\t\t\t<h2 class=\"elementor-heading-title elementor-size-default\">Why Choose Us?<\/h2>\t\t\t\t<\/div>\n\t\t\t\t<\/div>\n\t\t\t\t<div class=\"elementor-element elementor-element-88fb71e elementor-widget elementor-widget-heading\" data-id=\"88fb71e\" data-element_type=\"widget\" data-e-type=\"widget\" data-widget_type=\"heading.default\">\n\t\t\t\t<div class=\"elementor-widget-container\">\n\t\t\t\t\t<p class=\"elementor-heading-title elementor-size-default\">En MYS Consultor\u00eda Energ\u00e9tica, sabemos que la cesi\u00f3n de derechos no es solo un tr\u00e1mite; es una oportunidad para reorganizar, expandir o consolidar tus operaciones con pleno respaldo jur\u00eddico. Nuestro equipo te acompa\u00f1a para que tomes decisiones estrat\u00e9gicas y aproveches al m\u00e1ximo este proceso, sin preocupaciones legales o regulatorias.<\/p>\t\t\t\t<\/div>\n\t\t\t\t<\/div>\n\t\t\t\t<div class=\"elementor-element elementor-element-c306e0a elementor-widget elementor-widget-heading\" data-id=\"c306e0a\" data-element_type=\"widget\" data-e-type=\"widget\" data-widget_type=\"heading.default\">\n\t\t\t\t<div class=\"elementor-widget-container\">\n\t\t\t\t\t<p class=\"elementor-heading-title elementor-size-default\">Realiza una cesi\u00f3n de derechos con confianza y respaldo profesional. \u00a1Cont\u00e1ctanos para m\u00e1s informaci\u00f3n!<\/p>\t\t\t\t<\/div>\n\t\t\t\t<\/div>\n\t\t\t\t\t<\/div>\n\t\t<\/div>\n\t\t\t\t\t<\/div>\n\t\t<\/section>\n\t\t\t\t<\/div>","protected":false},"excerpt":{"rendered":"<p>Cumplimiento de Obligaciones Actualizaciones y Modificaciones Expansi\u00f3n de Rutas Reportes Normativos \u00a1Cotiza Aqu\u00ed! Cont\u00e1ctanos +52 81 2888 8139 Cesi\u00f3n de Derechos En el sector energ\u00e9tico, la cesi\u00f3n de derechos es un proceso clave para transferir permisos, concesiones o contratos de forma legal y sin contratiempos. En MYS Consultor\u00eda Energ\u00e9tica, entendemos que este proceso puede ser [&hellip;]<\/p>\n","protected":false},"author":1,"featured_media":0,"parent":29,"menu_order":0,"comment_status":"closed","ping_status":"closed","template":"elementor_header_footer","meta":{"footnotes":""},"class_list":["post-2166","page","type-page","status-publish","hentry"],"_links":{"self":[{"href":"https:\/\/myscen.com\/en\/wp-json\/wp\/v2\/pages\/2166","targetHints":{"allow":["GET"]}}],"collection":[{"href":"https:\/\/myscen.com\/en\/wp-json\/wp\/v2\/pages"}],"about":[{"href":"https:\/\/myscen.com\/en\/wp-json\/wp\/v2\/types\/page"}],"author":[{"embeddable":true,"href":"https:\/\/myscen.com\/en\/wp-json\/wp\/v2\/users\/1"}],"replies":[{"embeddable":true,"href":"https:\/\/myscen.com\/en\/wp-json\/wp\/v2\/comments?post=2166"}],"version-history":[{"count":40,"href":"https:\/\/myscen.com\/en\/wp-json\/wp\/v2\/pages\/2166\/revisions"}],"predecessor-version":[{"id":3429,"href":"https:\/\/myscen.com\/en\/wp-json\/wp\/v2\/pages\/2166\/revisions\/3429"}],"up":[{"embeddable":true,"href":"https:\/\/myscen.com\/en\/wp-json\/wp\/v2\/pages\/29"}],"wp:attachment":[{"href":"https:\/\/myscen.com\/en\/wp-json\/wp\/v2\/media?parent=2166"}],"curies":[{"name":"wp","href":"https:\/\/api.w.org\/{rel}","templated":true}]}}