{"id":2160,"date":"2025-01-20T12:17:02","date_gmt":"2025-01-20T18:17:02","guid":{"rendered":"https:\/\/myscen.com\/?page_id=2160"},"modified":"2025-08-26T16:51:07","modified_gmt":"2025-08-26T22:51:07","slug":"expansion-de-rutas","status":"publish","type":"page","link":"https:\/\/myscen.com\/en\/servicios\/expansion-de-rutas\/","title":{"rendered":"Expansion of Routes"},"content":{"rendered":"<div data-elementor-type=\"wp-page\" data-elementor-id=\"2160\" class=\"elementor elementor-2160\">\n\t\t\t\t\t\t<section class=\"elementor-section elementor-top-section elementor-element elementor-element-5dd8828 elementor-section-boxed elementor-section-height-default elementor-section-height-default\" data-id=\"5dd8828\" data-element_type=\"section\" data-e-type=\"section\">\n\t\t\t\t\t\t<div class=\"elementor-container elementor-column-gap-default\">\n\t\t\t\t\t<div class=\"elementor-column elementor-col-33 elementor-top-column elementor-element elementor-element-883e883\" data-id=\"883e883\" data-element_type=\"column\" data-e-type=\"column\">\n\t\t\t<div class=\"elementor-widget-wrap elementor-element-populated\">\n\t\t\t\t\t\t<div class=\"elementor-element elementor-element-3c20080 elementor-widget elementor-widget-transpi-service-list\" data-id=\"3c20080\" data-element_type=\"widget\" data-e-type=\"widget\" data-widget_type=\"transpi-service-list.default\">\n\t\t\t\t<div class=\"elementor-widget-container\">\n\t\t\t\t\t\t\r\n\t\t<div class=\"services__list-wrapper\">\r\n            <ul>\r\n                                    <li><a href=\"https:\/\/myscen.com\/en\/servicios\/cumplimiento-de-obligaciones\/\">Compliance with Obligations <i class=\"far fa-long-arrow-right\"><\/i><\/a><\/li>\r\n                                    <li><a href=\"https:\/\/myscen.com\/en\/servicios\/actualizaciones-y-modificaciones\/\">Updates and Modifications <i class=\"far fa-long-arrow-right\"><\/i><\/a><\/li>\r\n                                    <li><a href=\"https:\/\/myscen.com\/en\/servicios\/cesion-de-derechos\/\">Transfer of Rights <i class=\"far fa-long-arrow-right\"><\/i><\/a><\/li>\r\n                                    <li><a href=\"https:\/\/myscen.com\/en\/servicios\/reportes-normativos\/\">Regulatory Reports <i class=\"far fa-long-arrow-right\"><\/i><\/a><\/li>\r\n                            <\/ul>\r\n        <\/div>\r\n    \t\t\t\t<\/div>\n\t\t\t\t<\/div>\n\t\t\t\t<section class=\"elementor-section elementor-inner-section elementor-element elementor-element-e325a0d elementor-section-full_width elementor-section-height-default elementor-section-height-default\" data-id=\"e325a0d\" data-element_type=\"section\" data-e-type=\"section\" data-settings=\"{&quot;background_background&quot;:&quot;classic&quot;}\">\n\t\t\t\t\t\t\t<div class=\"elementor-background-overlay\"><\/div>\n\t\t\t\t\t\t\t<div class=\"elementor-container elementor-column-gap-no\">\n\t\t\t\t\t<div class=\"elementor-column elementor-col-100 elementor-inner-column elementor-element elementor-element-160c6db\" data-id=\"160c6db\" data-element_type=\"column\" data-e-type=\"column\">\n\t\t\t<div class=\"elementor-widget-wrap elementor-element-populated\">\n\t\t\t\t\t\t<div class=\"elementor-element elementor-element-9eaacad elementor-widget elementor-widget-heading\" data-id=\"9eaacad\" data-element_type=\"widget\" data-e-type=\"widget\" data-widget_type=\"heading.default\">\n\t\t\t\t<div class=\"elementor-widget-container\">\n\t\t\t\t\t<h2 class=\"elementor-heading-title elementor-size-default\">Get a Quote!<\/h2>\t\t\t\t<\/div>\n\t\t\t\t<\/div>\n\t\t\t\t<div class=\"elementor-element elementor-element-d52ecfa elementor-position-inline-start elementor-view-default elementor-mobile-position-block-start elementor-widget elementor-widget-icon-box\" data-id=\"d52ecfa\" data-element_type=\"widget\" data-e-type=\"widget\" data-widget_type=\"icon-box.default\">\n\t\t\t\t<div class=\"elementor-widget-container\">\n\t\t\t\t\t\t\t<div class=\"elementor-icon-box-wrapper\">\n\n\t\t\t\t\t\t<div class=\"elementor-icon-box-icon\">\n\t\t\t\t<a href=\"https:\/\/api.whatsapp.com\/send\/?phone=5218128888139&#038;text&#038;type=phone_number&#038;app_absent=0\" class=\"elementor-icon\" tabindex=\"-1\" aria-label=\"Contact Us\" target=\"_blank\" rel=\"noopener\">\n\t\t\t\t<i aria-hidden=\"true\" class=\"fab fa-whatsapp-square\"><\/i>\t\t\t\t<\/a>\n\t\t\t<\/div>\n\t\t\t\n\t\t\t\t\t\t<div class=\"elementor-icon-box-content\">\n\n\t\t\t\t\t\t\t\t\t<h3 class=\"elementor-icon-box-title\">\n\t\t\t\t\t\t<a href=\"https:\/\/api.whatsapp.com\/send\/?phone=5218128888139&#038;text&#038;type=phone_number&#038;app_absent=0\" target=\"_blank\" rel=\"noopener\">\n\t\t\t\t\t\t\tContact Us\t\t\t\t\t\t<\/a>\n\t\t\t\t\t<\/h3>\n\t\t\t\t\n\t\t\t\t\t\t\t\t\t<p class=\"elementor-icon-box-description\">\n\t\t\t\t\t\t+52 81 2888 8139\t\t\t\t\t<\/p>\n\t\t\t\t\n\t\t\t<\/div>\n\t\t\t\n\t\t<\/div>\n\t\t\t\t\t\t<\/div>\n\t\t\t\t<\/div>\n\t\t\t\t\t<\/div>\n\t\t<\/div>\n\t\t\t\t\t<\/div>\n\t\t<\/section>\n\t\t\t\t\t<\/div>\n\t\t<\/div>\n\t\t\t\t<div class=\"elementor-column elementor-col-66 elementor-top-column elementor-element elementor-element-23dff89\" data-id=\"23dff89\" data-element_type=\"column\" data-e-type=\"column\">\n\t\t\t<div class=\"elementor-widget-wrap elementor-element-populated\">\n\t\t\t\t\t\t<div class=\"elementor-element elementor-element-e632b26 elementor-widget elementor-widget-image\" data-id=\"e632b26\" data-element_type=\"widget\" data-e-type=\"widget\" data-widget_type=\"image.default\">\n\t\t\t\t<div class=\"elementor-widget-container\">\n\t\t\t\t\t\t\t\t\t\t\t\t\t\t\t<img loading=\"lazy\" decoding=\"async\" width=\"640\" height=\"417\" src=\"https:\/\/myscen.com\/wp-content\/uploads\/2023\/12\/slider-bg-scaled-1-1024x667.jpg\" class=\"attachment-large size-large wp-image-81\" alt=\"\" srcset=\"https:\/\/myscen.com\/wp-content\/uploads\/2023\/12\/slider-bg-scaled-1-1024x667.jpg 1024w, https:\/\/myscen.com\/wp-content\/uploads\/2023\/12\/slider-bg-scaled-1-300x195.jpg 300w, https:\/\/myscen.com\/wp-content\/uploads\/2023\/12\/slider-bg-scaled-1-768x500.jpg 768w, https:\/\/myscen.com\/wp-content\/uploads\/2023\/12\/slider-bg-scaled-1-1536x1000.jpg 1536w, https:\/\/myscen.com\/wp-content\/uploads\/2023\/12\/slider-bg-scaled-1-2048x1334.jpg 2048w, https:\/\/myscen.com\/wp-content\/uploads\/2023\/12\/slider-bg-scaled-1-600x391.jpg 600w\" sizes=\"auto, (max-width: 640px) 100vw, 640px\" \/>\t\t\t\t\t\t\t\t\t\t\t\t\t\t\t<\/div>\n\t\t\t\t<\/div>\n\t\t\t\t<div class=\"elementor-element elementor-element-270a304 elementor-widget elementor-widget-heading\" data-id=\"270a304\" data-element_type=\"widget\" data-e-type=\"widget\" data-widget_type=\"heading.default\">\n\t\t\t\t<div class=\"elementor-widget-container\">\n\t\t\t\t\t<h2 class=\"elementor-heading-title elementor-size-default\">Expansion of Routes<\/h2>\t\t\t\t<\/div>\n\t\t\t\t<\/div>\n\t\t\t\t<div class=\"elementor-element elementor-element-9763274 elementor-widget elementor-widget-heading\" data-id=\"9763274\" data-element_type=\"widget\" data-e-type=\"widget\" data-widget_type=\"heading.default\">\n\t\t\t\t<div class=\"elementor-widget-container\">\n\t\t\t\t\t<p class=\"elementor-heading-title elementor-size-default\">El crecimiento estrat\u00e9gico de tu empresa requiere planeaci\u00f3n y cumplimiento normativo, especialmente cuando se trata de ampliar tus operaciones en el sector energ\u00e9tico. En MYS Consultor\u00eda Energ\u00e9tica, nuestro servicio de Expansi\u00f3n de Rutas est\u00e1 dise\u00f1ado para acompa\u00f1arte en cada paso del proceso, asegurando que tus nuevas rutas de distribuci\u00f3n o transporte cumplan con los requisitos de la Comisi\u00f3n Nacional de Energ\u00eda (CNE), antes conocida como Comisi\u00f3n Reguladora de Energ\u00eda (CRE), y maximicen el potencial de tu negocio.<\/p>\t\t\t\t<\/div>\n\t\t\t\t<\/div>\n\t\t\t\t<div class=\"elementor-element elementor-element-02baedb elementor-widget elementor-widget-heading\" data-id=\"02baedb\" data-element_type=\"widget\" data-e-type=\"widget\" data-widget_type=\"heading.default\">\n\t\t\t\t<div class=\"elementor-widget-container\">\n\t\t\t\t\t<p class=\"elementor-heading-title elementor-size-default\">Ya sea que busques incursionar en nuevos territorios, optimizar tus rutas actuales o gestionar permisos para el transporte de hidrocarburos y petrol\u00edferos, nuestro equipo de expertos est\u00e1 listo para ayudarte a lograr una expansi\u00f3n segura, eficiente y dentro del marco legal.<\/p>\t\t\t\t<\/div>\n\t\t\t\t<\/div>\n\t\t\t\t<div class=\"elementor-element elementor-element-b3b9952 elementor-widget elementor-widget-heading\" data-id=\"b3b9952\" data-element_type=\"widget\" data-e-type=\"widget\" data-widget_type=\"heading.default\">\n\t\t\t\t<div class=\"elementor-widget-container\">\n\t\t\t\t\t<h2 class=\"elementor-heading-title elementor-size-default\">\u00bfQu\u00e9 incluye este servicio?<\/h2>\t\t\t\t<\/div>\n\t\t\t\t<\/div>\n\t\t\t\t<div class=\"elementor-element elementor-element-899e55c elementor-widget elementor-widget-transpi-list\" data-id=\"899e55c\" data-element_type=\"widget\" data-e-type=\"widget\" data-widget_type=\"transpi-list.default\">\n\t\t\t\t<div class=\"elementor-widget-container\">\n\t\t\t\t\t\t\r\n        <div class=\"transpi__list-item style-1\">\r\n            <ul>\r\n                                    <li>Gesti\u00f3n integral de permisos para nuevas rutas de transporte y distribuci\u00f3n.<\/li>\r\n                                    <li>Evaluaci\u00f3n de viabilidad t\u00e9cnica y regulatoria para la expansi\u00f3n de rutas.<\/li>\r\n                                    <li>Dise\u00f1o y optimizaci\u00f3n de rutas para cumplir con las disposiciones vigentes.<\/li>\r\n                                    <li>Asesor\u00eda personalizada en cada etapa del proyecto de expansi\u00f3n.<\/li>\r\n                                    <li>Seguimiento continuo ante la CNE para agilizar los tr\u00e1mites.<\/li>\r\n                            <\/ul>\r\n        <\/div>\r\n    \t\t\t\t<\/div>\n\t\t\t\t<\/div>\n\t\t\t\t<div class=\"elementor-element elementor-element-51972c3 elementor-widget elementor-widget-heading\" data-id=\"51972c3\" data-element_type=\"widget\" data-e-type=\"widget\" data-widget_type=\"heading.default\">\n\t\t\t\t<div class=\"elementor-widget-container\">\n\t\t\t\t\t<h2 class=\"elementor-heading-title elementor-size-default\">Beneficios de Expansi\u00f3n de Rutas con MYS Consultor\u00eda Energ\u00e9tica<\/h2>\t\t\t\t<\/div>\n\t\t\t\t<\/div>\n\t\t\t\t<div class=\"elementor-element elementor-element-5ce3229 elementor-widget elementor-widget-transpi-list\" data-id=\"5ce3229\" data-element_type=\"widget\" data-e-type=\"widget\" data-widget_type=\"transpi-list.default\">\n\t\t\t\t<div class=\"elementor-widget-container\">\n\t\t\t\t\t\t\r\n        <div class=\"transpi__list-item style-1\">\r\n            <ul>\r\n                                    <li>Cumplimiento Total: Nos aseguramos de que cada aspecto de tu nueva ruta cumpla con la normativa vigente.<\/li>\r\n                                    <li>Crecimiento Estrat\u00e9gico: Potencia tu negocio llegando a nuevos mercados y optimizando tu red de distribuci\u00f3n.<\/li>\r\n                                    <li>Ahorro de Tiempo y Recursos: Nos encargamos de todo el proceso, para que te enfoques en tus operaciones.<\/li>\r\n                                    <li>Experiencia Comprobada: Hemos asesorado a empresas l\u00edderes en el sector energ\u00e9tico en sus proyectos de expansi\u00f3n.<\/li>\r\n                            <\/ul>\r\n        <\/div>\r\n    \t\t\t\t<\/div>\n\t\t\t\t<\/div>\n\t\t\t\t<div class=\"elementor-element elementor-element-a1018de elementor-widget elementor-widget-heading\" data-id=\"a1018de\" data-element_type=\"widget\" data-e-type=\"widget\" data-widget_type=\"heading.default\">\n\t\t\t\t<div class=\"elementor-widget-container\">\n\t\t\t\t\t<p class=\"elementor-heading-title elementor-size-default\">En MYS Consultor\u00eda Energ\u00e9tica, entendemos que la expansi\u00f3n de rutas no solo significa llevar tus productos m\u00e1s lejos, sino hacerlo de manera eficiente y dentro de un marco regulado. Por eso, dise\u00f1amos soluciones adaptadas a las necesidades de tu negocio, asegurando un proceso \u00e1gil y exitoso.<\/p>\t\t\t\t<\/div>\n\t\t\t\t<\/div>\n\t\t\t\t<div class=\"elementor-element elementor-element-48bc636 elementor-widget elementor-widget-heading\" data-id=\"48bc636\" data-element_type=\"widget\" data-e-type=\"widget\" data-widget_type=\"heading.default\">\n\t\t\t\t<div class=\"elementor-widget-container\">\n\t\t\t\t\t<p class=\"elementor-heading-title elementor-size-default\">Lleva tus operaciones al siguiente nivel con nuestra experiencia en expansi\u00f3n de rutas. \u00a1Cont\u00e1ctanos y construyamos juntos tu crecimiento!<\/p>\t\t\t\t<\/div>\n\t\t\t\t<\/div>\n\t\t\t\t\t<\/div>\n\t\t<\/div>\n\t\t\t\t\t<\/div>\n\t\t<\/section>\n\t\t\t\t<\/div>","protected":false},"excerpt":{"rendered":"<p>Cumplimiento de Obligaciones Actualizaciones y Modificaciones Cesi\u00f3n de Derechos Reportes Normativos \u00a1Cotiza Aqu\u00ed! Cont\u00e1ctanos +52 81 2888 8139 Expansi\u00f3n de Rutas El crecimiento estrat\u00e9gico de tu empresa requiere planeaci\u00f3n y cumplimiento normativo, especialmente cuando se trata de ampliar tus operaciones en el sector energ\u00e9tico. En MYS Consultor\u00eda Energ\u00e9tica, nuestro servicio de Expansi\u00f3n de Rutas est\u00e1 [&hellip;]<\/p>\n","protected":false},"author":1,"featured_media":0,"parent":29,"menu_order":0,"comment_status":"closed","ping_status":"closed","template":"elementor_header_footer","meta":{"footnotes":""},"class_list":["post-2160","page","type-page","status-publish","hentry"],"_links":{"self":[{"href":"https:\/\/myscen.com\/en\/wp-json\/wp\/v2\/pages\/2160","targetHints":{"allow":["GET"]}}],"collection":[{"href":"https:\/\/myscen.com\/en\/wp-json\/wp\/v2\/pages"}],"about":[{"href":"https:\/\/myscen.com\/en\/wp-json\/wp\/v2\/types\/page"}],"author":[{"embeddable":true,"href":"https:\/\/myscen.com\/en\/wp-json\/wp\/v2\/users\/1"}],"replies":[{"embeddable":true,"href":"https:\/\/myscen.com\/en\/wp-json\/wp\/v2\/comments?post=2160"}],"version-history":[{"count":46,"href":"https:\/\/myscen.com\/en\/wp-json\/wp\/v2\/pages\/2160\/revisions"}],"predecessor-version":[{"id":3379,"href":"https:\/\/myscen.com\/en\/wp-json\/wp\/v2\/pages\/2160\/revisions\/3379"}],"up":[{"embeddable":true,"href":"https:\/\/myscen.com\/en\/wp-json\/wp\/v2\/pages\/29"}],"wp:attachment":[{"href":"https:\/\/myscen.com\/en\/wp-json\/wp\/v2\/media?parent=2160"}],"curies":[{"name":"wp","href":"https:\/\/api.w.org\/{rel}","templated":true}]}}