{"id":2158,"date":"2025-01-20T12:15:33","date_gmt":"2025-01-20T18:15:33","guid":{"rendered":"https:\/\/myscen.com\/?page_id=2158"},"modified":"2025-08-26T16:55:46","modified_gmt":"2025-08-26T22:55:46","slug":"cumplimiento-de-obligaciones","status":"publish","type":"page","link":"https:\/\/myscen.com\/en\/servicios\/cumplimiento-de-obligaciones\/","title":{"rendered":"Compliance with Obligations"},"content":{"rendered":"<div data-elementor-type=\"wp-page\" data-elementor-id=\"2158\" class=\"elementor elementor-2158\">\n\t\t\t\t\t\t<section class=\"elementor-section elementor-top-section elementor-element elementor-element-5dd8828 elementor-section-boxed elementor-section-height-default elementor-section-height-default\" data-id=\"5dd8828\" data-element_type=\"section\" data-e-type=\"section\">\n\t\t\t\t\t\t<div class=\"elementor-container elementor-column-gap-default\">\n\t\t\t\t\t<div class=\"elementor-column elementor-col-33 elementor-top-column elementor-element elementor-element-883e883\" data-id=\"883e883\" data-element_type=\"column\" data-e-type=\"column\">\n\t\t\t<div class=\"elementor-widget-wrap elementor-element-populated\">\n\t\t\t\t\t\t<div class=\"elementor-element elementor-element-3c20080 elementor-widget elementor-widget-transpi-service-list\" data-id=\"3c20080\" data-element_type=\"widget\" data-e-type=\"widget\" data-widget_type=\"transpi-service-list.default\">\n\t\t\t\t<div class=\"elementor-widget-container\">\n\t\t\t\t\t\t\r\n\t\t<div class=\"services__list-wrapper\">\r\n            <ul>\r\n                                    <li><a href=\"https:\/\/myscen.com\/en\/servicios\/actualizaciones-y-modificaciones\/\">Updates and Modifications <i class=\"far fa-long-arrow-right\"><\/i><\/a><\/li>\r\n                                    <li><a href=\"https:\/\/myscen.com\/en\/servicios\/expansion-de-rutas\/\">Expansion of Routes <i class=\"far fa-long-arrow-right\"><\/i><\/a><\/li>\r\n                                    <li><a href=\"https:\/\/myscen.com\/en\/servicios\/cesion-de-derechos\/\">Transfer of Rights <i class=\"far fa-long-arrow-right\"><\/i><\/a><\/li>\r\n                                    <li><a href=\"https:\/\/myscen.com\/en\/servicios\/reportes-normativos\/\">Regulatory Reports <i class=\"far fa-long-arrow-right\"><\/i><\/a><\/li>\r\n                            <\/ul>\r\n        <\/div>\r\n    \t\t\t\t<\/div>\n\t\t\t\t<\/div>\n\t\t\t\t<section class=\"elementor-section elementor-inner-section elementor-element elementor-element-e325a0d elementor-section-full_width elementor-section-height-default elementor-section-height-default\" data-id=\"e325a0d\" data-element_type=\"section\" data-e-type=\"section\" data-settings=\"{&quot;background_background&quot;:&quot;classic&quot;}\">\n\t\t\t\t\t\t\t<div class=\"elementor-background-overlay\"><\/div>\n\t\t\t\t\t\t\t<div class=\"elementor-container elementor-column-gap-no\">\n\t\t\t\t\t<div class=\"elementor-column elementor-col-100 elementor-inner-column elementor-element elementor-element-160c6db\" data-id=\"160c6db\" data-element_type=\"column\" data-e-type=\"column\">\n\t\t\t<div class=\"elementor-widget-wrap elementor-element-populated\">\n\t\t\t\t\t\t<div class=\"elementor-element elementor-element-9eaacad elementor-widget elementor-widget-heading\" data-id=\"9eaacad\" data-element_type=\"widget\" data-e-type=\"widget\" data-widget_type=\"heading.default\">\n\t\t\t\t<div class=\"elementor-widget-container\">\n\t\t\t\t\t<h2 class=\"elementor-heading-title elementor-size-default\">Get a Quote!<\/h2>\t\t\t\t<\/div>\n\t\t\t\t<\/div>\n\t\t\t\t<div class=\"elementor-element elementor-element-d52ecfa elementor-position-inline-start elementor-view-default elementor-mobile-position-block-start elementor-widget elementor-widget-icon-box\" data-id=\"d52ecfa\" data-element_type=\"widget\" data-e-type=\"widget\" data-widget_type=\"icon-box.default\">\n\t\t\t\t<div class=\"elementor-widget-container\">\n\t\t\t\t\t\t\t<div class=\"elementor-icon-box-wrapper\">\n\n\t\t\t\t\t\t<div class=\"elementor-icon-box-icon\">\n\t\t\t\t<a href=\"https:\/\/api.whatsapp.com\/send\/?phone=5218128888139&#038;text&#038;type=phone_number&#038;app_absent=0\" class=\"elementor-icon\" tabindex=\"-1\" aria-label=\"Contact Us\" target=\"_blank\" rel=\"noopener\">\n\t\t\t\t<i aria-hidden=\"true\" class=\"fab fa-whatsapp-square\"><\/i>\t\t\t\t<\/a>\n\t\t\t<\/div>\n\t\t\t\n\t\t\t\t\t\t<div class=\"elementor-icon-box-content\">\n\n\t\t\t\t\t\t\t\t\t<h3 class=\"elementor-icon-box-title\">\n\t\t\t\t\t\t<a href=\"https:\/\/api.whatsapp.com\/send\/?phone=5218128888139&#038;text&#038;type=phone_number&#038;app_absent=0\" target=\"_blank\" rel=\"noopener\">\n\t\t\t\t\t\t\tContact Us\t\t\t\t\t\t<\/a>\n\t\t\t\t\t<\/h3>\n\t\t\t\t\n\t\t\t\t\t\t\t\t\t<p class=\"elementor-icon-box-description\">\n\t\t\t\t\t\t\u202a+52\u00a081\u00a02888\u00a08139\u202c\t\t\t\t\t<\/p>\n\t\t\t\t\n\t\t\t<\/div>\n\t\t\t\n\t\t<\/div>\n\t\t\t\t\t\t<\/div>\n\t\t\t\t<\/div>\n\t\t\t\t\t<\/div>\n\t\t<\/div>\n\t\t\t\t\t<\/div>\n\t\t<\/section>\n\t\t\t\t\t<\/div>\n\t\t<\/div>\n\t\t\t\t<div class=\"elementor-column elementor-col-66 elementor-top-column elementor-element elementor-element-23dff89\" data-id=\"23dff89\" data-element_type=\"column\" data-e-type=\"column\">\n\t\t\t<div class=\"elementor-widget-wrap elementor-element-populated\">\n\t\t\t\t\t\t<div class=\"elementor-element elementor-element-e632b26 elementor-widget elementor-widget-image\" data-id=\"e632b26\" data-element_type=\"widget\" data-e-type=\"widget\" data-widget_type=\"image.default\">\n\t\t\t\t<div class=\"elementor-widget-container\">\n\t\t\t\t\t\t\t\t\t\t\t\t\t\t\t<img loading=\"lazy\" decoding=\"async\" width=\"640\" height=\"428\" src=\"https:\/\/myscen.com\/wp-content\/uploads\/2025\/01\/cumplimiento-obligaciones-1024x684.webp\" class=\"attachment-large size-large wp-image-2180\" alt=\"\" srcset=\"https:\/\/myscen.com\/wp-content\/uploads\/2025\/01\/cumplimiento-obligaciones-1024x684.webp 1024w, https:\/\/myscen.com\/wp-content\/uploads\/2025\/01\/cumplimiento-obligaciones-300x200.webp 300w, https:\/\/myscen.com\/wp-content\/uploads\/2025\/01\/cumplimiento-obligaciones-768x513.webp 768w, https:\/\/myscen.com\/wp-content\/uploads\/2025\/01\/cumplimiento-obligaciones-1536x1025.webp 1536w, https:\/\/myscen.com\/wp-content\/uploads\/2025\/01\/cumplimiento-obligaciones-600x401.webp 600w, https:\/\/myscen.com\/wp-content\/uploads\/2025\/01\/cumplimiento-obligaciones.webp 2000w\" sizes=\"auto, (max-width: 640px) 100vw, 640px\" \/>\t\t\t\t\t\t\t\t\t\t\t\t\t\t\t<\/div>\n\t\t\t\t<\/div>\n\t\t\t\t<div class=\"elementor-element elementor-element-270a304 elementor-widget elementor-widget-heading\" data-id=\"270a304\" data-element_type=\"widget\" data-e-type=\"widget\" data-widget_type=\"heading.default\">\n\t\t\t\t<div class=\"elementor-widget-container\">\n\t\t\t\t\t<h2 class=\"elementor-heading-title elementor-size-default\">Compliance with Obligations<\/h2>\t\t\t\t<\/div>\n\t\t\t\t<\/div>\n\t\t\t\t<div class=\"elementor-element elementor-element-9763274 elementor-widget elementor-widget-heading\" data-id=\"9763274\" data-element_type=\"widget\" data-e-type=\"widget\" data-widget_type=\"heading.default\">\n\t\t\t\t<div class=\"elementor-widget-container\">\n\t\t\t\t\t<p class=\"elementor-heading-title elementor-size-default\">En MYS Consultor\u00eda Energ\u00e9tica, entendemos que el cumplimiento de las obligaciones regulatorias no es solo un requisito legal, sino una pieza clave para garantizar la operaci\u00f3n segura y eficiente de las empresas en el sector energ\u00e9tico. Nuestro servicio especializado de Cumplimiento de Obligaciones est\u00e1 dise\u00f1ado para apoyar a nuestros clientes en la elaboraci\u00f3n, presentaci\u00f3n y actualizaci\u00f3n de reportes ante la Comisi\u00f3n Nacional de Energ\u00eda (CNE), antes conocida como Comisi\u00f3n Reguladora de Energ\u00eda (CRE), asegurando que cada proceso se lleve a cabo con precisi\u00f3n y en tiempo.\n<\/p>\t\t\t\t<\/div>\n\t\t\t\t<\/div>\n\t\t\t\t<div class=\"elementor-element elementor-element-b3b9952 elementor-widget elementor-widget-heading\" data-id=\"b3b9952\" data-element_type=\"widget\" data-e-type=\"widget\" data-widget_type=\"heading.default\">\n\t\t\t\t<div class=\"elementor-widget-container\">\n\t\t\t\t\t<h2 class=\"elementor-heading-title elementor-size-default\">Why Choose Us?<\/h2>\t\t\t\t<\/div>\n\t\t\t\t<\/div>\n\t\t\t\t<div class=\"elementor-element elementor-element-d84a532 elementor-widget elementor-widget-transpi-list\" data-id=\"d84a532\" data-element_type=\"widget\" data-e-type=\"widget\" data-widget_type=\"transpi-list.default\">\n\t\t\t\t<div class=\"elementor-widget-container\">\n\t\t\t\t\t\t\r\n        <div class=\"transpi__list-item style-1\">\r\n            <ul>\r\n                                    <li>Experiencia comprobada en la gesti\u00f3n de reportes y cumplimiento ante la CNE.<\/li>\r\n                                    <li>Asesor\u00eda personalizada para identificar y resolver cualquier requerimiento t\u00e9cnico.<\/li>\r\n                                    <li>Actualizaci\u00f3n constante sobre cambios normativos en el sector energ\u00e9tico.<\/li>\r\n                                    <li>Soluciones pr\u00e1cticas y eficientes que minimizan riesgos regulatorios.<\/li>\r\n                            <\/ul>\r\n        <\/div>\r\n    \t\t\t\t<\/div>\n\t\t\t\t<\/div>\n\t\t\t\t<div class=\"elementor-element elementor-element-8fc8be0 elementor-widget elementor-widget-heading\" data-id=\"8fc8be0\" data-element_type=\"widget\" data-e-type=\"widget\" data-widget_type=\"heading.default\">\n\t\t\t\t<div class=\"elementor-widget-container\">\n\t\t\t\t\t<p class=\"elementor-heading-title elementor-size-default\">En MYS Consultor\u00eda Energ\u00e9tica, estamos comprometidos con el \u00e9xito de nuestros clientes, convirti\u00e9ndonos en su aliado estrat\u00e9gico para garantizar que sus permisos se mantengan en regla y en estricta conformidad con la ley. Conf\u00ede en nosotros para un cumplimiento seguro, transparente y sin contratiempos.<\/p>\t\t\t\t<\/div>\n\t\t\t\t<\/div>\n\t\t\t\t<div class=\"elementor-element elementor-element-eeeb775 elementor-widget elementor-widget-heading\" data-id=\"eeeb775\" data-element_type=\"widget\" data-e-type=\"widget\" data-widget_type=\"heading.default\">\n\t\t\t\t<div class=\"elementor-widget-container\">\n\t\t\t\t\t<p class=\"elementor-heading-title elementor-size-default\">\u00bfQuieres m\u00e1s informaci\u00f3n? \u00a1Cont\u00e1ctanos hoy mismo! Estamos aqu\u00ed para apoyarte en cada paso del proceso.<\/p>\t\t\t\t<\/div>\n\t\t\t\t<\/div>\n\t\t\t\t\t<\/div>\n\t\t<\/div>\n\t\t\t\t\t<\/div>\n\t\t<\/section>\n\t\t\t\t<\/div>","protected":false},"excerpt":{"rendered":"<p>Actualizaciones y Modificaciones Expansi\u00f3n de Rutas Cesi\u00f3n de Derechos Reportes Normativos \u00a1Cotiza Aqu\u00ed! Cont\u00e1ctanos \u202a+52\u00a081\u00a02888\u00a08139\u202c Cumplimiento de Obligaciones En MYS Consultor\u00eda Energ\u00e9tica, entendemos que el cumplimiento de las obligaciones regulatorias no es solo un requisito legal, sino una pieza clave para garantizar la operaci\u00f3n segura y eficiente de las empresas en el sector energ\u00e9tico. Nuestro [&hellip;]<\/p>\n","protected":false},"author":1,"featured_media":0,"parent":29,"menu_order":0,"comment_status":"closed","ping_status":"closed","template":"elementor_header_footer","meta":{"footnotes":""},"class_list":["post-2158","page","type-page","status-publish","hentry"],"_links":{"self":[{"href":"https:\/\/myscen.com\/en\/wp-json\/wp\/v2\/pages\/2158","targetHints":{"allow":["GET"]}}],"collection":[{"href":"https:\/\/myscen.com\/en\/wp-json\/wp\/v2\/pages"}],"about":[{"href":"https:\/\/myscen.com\/en\/wp-json\/wp\/v2\/types\/page"}],"author":[{"embeddable":true,"href":"https:\/\/myscen.com\/en\/wp-json\/wp\/v2\/users\/1"}],"replies":[{"embeddable":true,"href":"https:\/\/myscen.com\/en\/wp-json\/wp\/v2\/comments?post=2158"}],"version-history":[{"count":43,"href":"https:\/\/myscen.com\/en\/wp-json\/wp\/v2\/pages\/2158\/revisions"}],"predecessor-version":[{"id":3400,"href":"https:\/\/myscen.com\/en\/wp-json\/wp\/v2\/pages\/2158\/revisions\/3400"}],"up":[{"embeddable":true,"href":"https:\/\/myscen.com\/en\/wp-json\/wp\/v2\/pages\/29"}],"wp:attachment":[{"href":"https:\/\/myscen.com\/en\/wp-json\/wp\/v2\/media?parent=2158"}],"curies":[{"name":"wp","href":"https:\/\/api.w.org\/{rel}","templated":true}]}}