{"id":2124,"date":"2025-01-20T10:58:56","date_gmt":"2025-01-20T16:58:56","guid":{"rendered":"https:\/\/myscen.com\/?page_id=2124"},"modified":"2025-08-26T16:53:38","modified_gmt":"2025-08-26T22:53:38","slug":"permisos-de-almacenamiento","status":"publish","type":"page","link":"https:\/\/myscen.com\/en\/servicios\/permisos-de-almacenamiento\/","title":{"rendered":"Storage Permits"},"content":{"rendered":"<div data-elementor-type=\"wp-page\" data-elementor-id=\"2124\" class=\"elementor elementor-2124\">\n\t\t\t\t\t\t<section class=\"elementor-section elementor-top-section elementor-element elementor-element-5dd8828 elementor-section-boxed elementor-section-height-default elementor-section-height-default\" data-id=\"5dd8828\" data-element_type=\"section\" data-e-type=\"section\">\n\t\t\t\t\t\t<div class=\"elementor-container elementor-column-gap-default\">\n\t\t\t\t\t<div class=\"elementor-column elementor-col-33 elementor-top-column elementor-element elementor-element-883e883\" data-id=\"883e883\" data-element_type=\"column\" data-e-type=\"column\">\n\t\t\t<div class=\"elementor-widget-wrap elementor-element-populated\">\n\t\t\t\t\t\t<div class=\"elementor-element elementor-element-3c20080 elementor-widget elementor-widget-transpi-service-list\" data-id=\"3c20080\" data-element_type=\"widget\" data-e-type=\"widget\" data-widget_type=\"transpi-service-list.default\">\n\t\t\t\t<div class=\"elementor-widget-container\">\n\t\t\t\t\t\t\r\n\t\t<div class=\"services__list-wrapper\">\r\n            <ul>\r\n                                    <li><a href=\"https:\/\/myscen.com\/en\/servicios\/permisos-de-distribucion\/\">Distribution Permits <i class=\"far fa-long-arrow-right\"><\/i><\/a><\/li>\r\n                                    <li><a href=\"https:\/\/myscen.com\/en\/servicios\/permisos-estaciones-auto-consumo\/\">Self-Consumption Station Permits <i class=\"far fa-long-arrow-right\"><\/i><\/a><\/li>\r\n                                    <li class=\"translation-block\"><a href=\"https:\/\/myscen.com\/en\/servicios\/permisos-estaciones-de-servicio\/\" class=\"custom-title-link\" target=\"_self\">Service Station<br>Permits<\/a><br><br><\/li>\r\n                            <\/ul>\r\n        <\/div>\r\n    \t\t\t\t<\/div>\n\t\t\t\t<\/div>\n\t\t\t\t<section class=\"elementor-section elementor-inner-section elementor-element elementor-element-e325a0d elementor-section-full_width elementor-section-height-default elementor-section-height-default\" data-id=\"e325a0d\" data-element_type=\"section\" data-e-type=\"section\" data-settings=\"{&quot;background_background&quot;:&quot;classic&quot;}\">\n\t\t\t\t\t\t\t<div class=\"elementor-background-overlay\"><\/div>\n\t\t\t\t\t\t\t<div class=\"elementor-container elementor-column-gap-no\">\n\t\t\t\t\t<div class=\"elementor-column elementor-col-100 elementor-inner-column elementor-element elementor-element-160c6db\" data-id=\"160c6db\" data-element_type=\"column\" data-e-type=\"column\">\n\t\t\t<div class=\"elementor-widget-wrap elementor-element-populated\">\n\t\t\t\t\t\t<div class=\"elementor-element elementor-element-9eaacad elementor-widget elementor-widget-heading\" data-id=\"9eaacad\" data-element_type=\"widget\" data-e-type=\"widget\" data-widget_type=\"heading.default\">\n\t\t\t\t<div class=\"elementor-widget-container\">\n\t\t\t\t\t<h2 class=\"elementor-heading-title elementor-size-default\">Get a Quote!<\/h2>\t\t\t\t<\/div>\n\t\t\t\t<\/div>\n\t\t\t\t<div class=\"elementor-element elementor-element-d52ecfa elementor-position-inline-start elementor-view-default elementor-mobile-position-block-start elementor-widget elementor-widget-icon-box\" data-id=\"d52ecfa\" data-element_type=\"widget\" data-e-type=\"widget\" data-widget_type=\"icon-box.default\">\n\t\t\t\t<div class=\"elementor-widget-container\">\n\t\t\t\t\t\t\t<div class=\"elementor-icon-box-wrapper\">\n\n\t\t\t\t\t\t<div class=\"elementor-icon-box-icon\">\n\t\t\t\t<a href=\"https:\/\/api.whatsapp.com\/send\/?phone=5218128888139&#038;text&#038;type=phone_number&#038;app_absent=0\" class=\"elementor-icon\" tabindex=\"-1\" aria-label=\"Contact Us\" target=\"_blank\" rel=\"noopener\">\n\t\t\t\t<i aria-hidden=\"true\" class=\"fab fa-whatsapp-square\"><\/i>\t\t\t\t<\/a>\n\t\t\t<\/div>\n\t\t\t\n\t\t\t\t\t\t<div class=\"elementor-icon-box-content\">\n\n\t\t\t\t\t\t\t\t\t<h3 class=\"elementor-icon-box-title\">\n\t\t\t\t\t\t<a href=\"https:\/\/api.whatsapp.com\/send\/?phone=5218128888139&#038;text&#038;type=phone_number&#038;app_absent=0\" target=\"_blank\" rel=\"noopener\">\n\t\t\t\t\t\t\tContact Us\t\t\t\t\t\t<\/a>\n\t\t\t\t\t<\/h3>\n\t\t\t\t\n\t\t\t\t\t\t\t\t\t<p class=\"elementor-icon-box-description\">\n\t\t\t\t\t\t+52 81 2888 8139\t\t\t\t\t<\/p>\n\t\t\t\t\n\t\t\t<\/div>\n\t\t\t\n\t\t<\/div>\n\t\t\t\t\t\t<\/div>\n\t\t\t\t<\/div>\n\t\t\t\t\t<\/div>\n\t\t<\/div>\n\t\t\t\t\t<\/div>\n\t\t<\/section>\n\t\t\t\t\t<\/div>\n\t\t<\/div>\n\t\t\t\t<div class=\"elementor-column elementor-col-66 elementor-top-column elementor-element elementor-element-23dff89\" data-id=\"23dff89\" data-element_type=\"column\" data-e-type=\"column\">\n\t\t\t<div class=\"elementor-widget-wrap elementor-element-populated\">\n\t\t\t\t\t\t<div class=\"elementor-element elementor-element-e632b26 elementor-widget elementor-widget-image\" data-id=\"e632b26\" data-element_type=\"widget\" data-e-type=\"widget\" data-widget_type=\"image.default\">\n\t\t\t\t<div class=\"elementor-widget-container\">\n\t\t\t\t\t\t\t\t\t\t\t\t\t\t\t<img loading=\"lazy\" decoding=\"async\" width=\"640\" height=\"426\" src=\"https:\/\/myscen.com\/wp-content\/uploads\/2025\/01\/almacenamiento-hidrocarburos-1024x681.webp\" class=\"attachment-large size-large wp-image-2783\" alt=\"\" srcset=\"https:\/\/myscen.com\/wp-content\/uploads\/2025\/01\/almacenamiento-hidrocarburos-1024x681.webp 1024w, https:\/\/myscen.com\/wp-content\/uploads\/2025\/01\/almacenamiento-hidrocarburos-300x200.webp 300w, https:\/\/myscen.com\/wp-content\/uploads\/2025\/01\/almacenamiento-hidrocarburos-768x511.webp 768w, https:\/\/myscen.com\/wp-content\/uploads\/2025\/01\/almacenamiento-hidrocarburos-1536x1022.webp 1536w, https:\/\/myscen.com\/wp-content\/uploads\/2025\/01\/almacenamiento-hidrocarburos-18x12.webp 18w, https:\/\/myscen.com\/wp-content\/uploads\/2025\/01\/almacenamiento-hidrocarburos-600x399.webp 600w, https:\/\/myscen.com\/wp-content\/uploads\/2025\/01\/almacenamiento-hidrocarburos.webp 2000w\" sizes=\"auto, (max-width: 640px) 100vw, 640px\" \/>\t\t\t\t\t\t\t\t\t\t\t\t\t\t\t<\/div>\n\t\t\t\t<\/div>\n\t\t\t\t<div class=\"elementor-element elementor-element-270a304 elementor-widget elementor-widget-heading\" data-id=\"270a304\" data-element_type=\"widget\" data-e-type=\"widget\" data-widget_type=\"heading.default\">\n\t\t\t\t<div class=\"elementor-widget-container\">\n\t\t\t\t\t<h2 class=\"elementor-heading-title elementor-size-default\">Storage Permits<\/h2>\t\t\t\t<\/div>\n\t\t\t\t<\/div>\n\t\t\t\t<div class=\"elementor-element elementor-element-9763274 elementor-widget elementor-widget-heading\" data-id=\"9763274\" data-element_type=\"widget\" data-e-type=\"widget\" data-widget_type=\"heading.default\">\n\t\t\t\t<div class=\"elementor-widget-container\">\n\t\t\t\t\t<p class=\"elementor-heading-title elementor-size-default\">El almacenamiento de productos energ\u00e9ticos, como hidrocarburos, petrol\u00edferos, gas natural o energ\u00eda renovable, es una actividad altamente regulada en M\u00e9xico. En MYS Consultor\u00eda Energ\u00e9tica, ofrecemos un servicio integral para la obtenci\u00f3n, renovaci\u00f3n y modificaci\u00f3n de los permisos de almacenamiento que exige la Comisi\u00f3n Nacional de Energ\u00eda (CNE), antes conocida como Comisi\u00f3n Reguladora de Energ\u00eda (CRE), y otras autoridades.<\/p>\t\t\t\t<\/div>\n\t\t\t\t<\/div>\n\t\t\t\t<div class=\"elementor-element elementor-element-b3b9952 elementor-widget elementor-widget-heading\" data-id=\"b3b9952\" data-element_type=\"widget\" data-e-type=\"widget\" data-widget_type=\"heading.default\">\n\t\t\t\t<div class=\"elementor-widget-container\">\n\t\t\t\t\t<h2 class=\"elementor-heading-title elementor-size-default\">\u00bfQu\u00e9 incluye nuestro servicio de Permisos de Almacenamiento?<\/h2>\t\t\t\t<\/div>\n\t\t\t\t<\/div>\n\t\t\t\t<div class=\"elementor-element elementor-element-ae5de31 elementor-widget elementor-widget-transpi-list\" data-id=\"ae5de31\" data-element_type=\"widget\" data-e-type=\"widget\" data-widget_type=\"transpi-list.default\">\n\t\t\t\t<div class=\"elementor-widget-container\">\n\t\t\t\t\t\t\r\n        <div class=\"transpi__list-item style-1\">\r\n            <ul>\r\n                                    <li>Evaluaci\u00f3n inicial: Analizamos tus instalaciones y operaciones para identificar los requisitos espec\u00edficos que aplican seg\u00fan la regulaci\u00f3n vigente.<\/li>\r\n                                    <li>Gesti\u00f3n documental: Nos encargamos de preparar y organizar toda la documentaci\u00f3n necesaria, desde los estudios t\u00e9cnicos hasta los permisos ambientales y de seguridad.<\/li>\r\n                                    <li>Elaboraci\u00f3n de estudios especializados: Dise\u00f1amos estudios como an\u00e1lisis de impacto ambiental, seguridad operativa y proyecciones de capacidad.<\/li>\r\n                                    <li>Presentaci\u00f3n y seguimiento del tr\u00e1mite: Gestionamos tu solicitud ante la CNE, monitoreando cada etapa del proceso hasta obtener la resoluci\u00f3n favorable.<\/li>\r\n                                    <li>Renovaci\u00f3n y actualizaci\u00f3n de permisos: Garantizamos que tus permisos se mantengan vigentes y en cumplimiento con las normativas m\u00e1s recientes.<\/li>\r\n                            <\/ul>\r\n        <\/div>\r\n    \t\t\t\t<\/div>\n\t\t\t\t<\/div>\n\t\t\t\t<div class=\"elementor-element elementor-element-5bc0d5f elementor-widget elementor-widget-heading\" data-id=\"5bc0d5f\" data-element_type=\"widget\" data-e-type=\"widget\" data-widget_type=\"heading.default\">\n\t\t\t\t<div class=\"elementor-widget-container\">\n\t\t\t\t\t<h2 class=\"elementor-heading-title elementor-size-default\">\u00bfPor qu\u00e9 necesitas un Permiso de Almacenamiento?<\/h2>\t\t\t\t<\/div>\n\t\t\t\t<\/div>\n\t\t\t\t<div class=\"elementor-element elementor-element-295795f elementor-widget elementor-widget-transpi-list\" data-id=\"295795f\" data-element_type=\"widget\" data-e-type=\"widget\" data-widget_type=\"transpi-list.default\">\n\t\t\t\t<div class=\"elementor-widget-container\">\n\t\t\t\t\t\t\r\n        <div class=\"transpi__list-item style-1\">\r\n            <ul>\r\n                                    <li>Cumplimiento normativo: Operar sin los permisos necesarios puede resultar en sanciones, clausuras o la imposibilidad de operar legalmente.<\/li>\r\n                                    <li>Seguridad y eficiencia: Los permisos aseguran que tus instalaciones cumplen con est\u00e1ndares t\u00e9cnicos y de seguridad exigidos por las autoridades.<\/li>\r\n                                    <li>Reputaci\u00f3n en el mercado: Un permiso vigente demuestra la confiabilidad de tu empresa ante clientes, socios y proveedores.<\/li>\r\n                            <\/ul>\r\n        <\/div>\r\n    \t\t\t\t<\/div>\n\t\t\t\t<\/div>\n\t\t\t\t<div class=\"elementor-element elementor-element-31f1d95 elementor-widget elementor-widget-heading\" data-id=\"31f1d95\" data-element_type=\"widget\" data-e-type=\"widget\" data-widget_type=\"heading.default\">\n\t\t\t\t<div class=\"elementor-widget-container\">\n\t\t\t\t\t<h2 class=\"elementor-heading-title elementor-size-default\">\u00bfQui\u00e9nes deben contar con este permiso?<\/h2>\t\t\t\t<\/div>\n\t\t\t\t<\/div>\n\t\t\t\t<div class=\"elementor-element elementor-element-cda2b89 elementor-widget elementor-widget-heading\" data-id=\"cda2b89\" data-element_type=\"widget\" data-e-type=\"widget\" data-widget_type=\"heading.default\">\n\t\t\t\t<div class=\"elementor-widget-container\">\n\t\t\t\t\t<p class=\"elementor-heading-title elementor-size-default\">Cualquier empresa que almacene productos como:<\/p>\t\t\t\t<\/div>\n\t\t\t\t<\/div>\n\t\t\t\t<div class=\"elementor-element elementor-element-b93e749 elementor-widget elementor-widget-transpi-list\" data-id=\"b93e749\" data-element_type=\"widget\" data-e-type=\"widget\" data-widget_type=\"transpi-list.default\">\n\t\t\t\t<div class=\"elementor-widget-container\">\n\t\t\t\t\t\t\r\n        <div class=\"transpi__list-item style-1\">\r\n            <ul>\r\n                                    <li>Hidrocarburos.<\/li>\r\n                                    <li>Petrol\u00edferos.<\/li>\r\n                                    <li>Gas LP o natural.<\/li>\r\n                                    <li>Energ\u00edas renovables.<\/li>\r\n                            <\/ul>\r\n        <\/div>\r\n    \t\t\t\t<\/div>\n\t\t\t\t<\/div>\n\t\t\t\t<div class=\"elementor-element elementor-element-24dc899 elementor-widget elementor-widget-heading\" data-id=\"24dc899\" data-element_type=\"widget\" data-e-type=\"widget\" data-widget_type=\"heading.default\">\n\t\t\t\t<div class=\"elementor-widget-container\">\n\t\t\t\t\t<h2 class=\"elementor-heading-title elementor-size-default\">Beneficios de trabajar con MYS Consultor\u00eda Energ\u00e9tica<\/h2>\t\t\t\t<\/div>\n\t\t\t\t<\/div>\n\t\t\t\t<div class=\"elementor-element elementor-element-8a13667 elementor-widget elementor-widget-transpi-list\" data-id=\"8a13667\" data-element_type=\"widget\" data-e-type=\"widget\" data-widget_type=\"transpi-list.default\">\n\t\t\t\t<div class=\"elementor-widget-container\">\n\t\t\t\t\t\t\r\n        <div class=\"transpi__list-item style-1\">\r\n            <ul>\r\n                                    <li>Conocimiento experto: Tenemos amplia experiencia en la gesti\u00f3n de permisos ante la CNE y otras entidades regulatorias.<\/li>\r\n                                    <li>Atenci\u00f3n personalizada: Dise\u00f1amos soluciones espec\u00edficas para tu tipo de operaci\u00f3n y producto almacenado.<\/li>\r\n                                    <li>Ahorro de tiempo: Simplificamos procesos complejos y reducimos los riesgos de errores en la tramitaci\u00f3n.<\/li>\r\n                                    <li>Seguimiento continuo: Aseguramos el cumplimiento normativo a largo plazo para que tus operaciones no se vean afectadas.<\/li>\r\n                            <\/ul>\r\n        <\/div>\r\n    \t\t\t\t<\/div>\n\t\t\t\t<\/div>\n\t\t\t\t<div class=\"elementor-element elementor-element-88fb71e elementor-widget elementor-widget-heading\" data-id=\"88fb71e\" data-element_type=\"widget\" data-e-type=\"widget\" data-widget_type=\"heading.default\">\n\t\t\t\t<div class=\"elementor-widget-container\">\n\t\t\t\t\t<p class=\"elementor-heading-title elementor-size-default\">Obt\u00e9n el respaldo regulatorio que necesitas para operar con confianza y seguridad. En MYS Consultor\u00eda Energ\u00e9tica, somos tu aliado estrat\u00e9gico en la gesti\u00f3n de permisos de almacenamiento. \u00a1Cont\u00e1ctanos hoy y asegura el futuro de tu operaci\u00f3n!<\/p>\t\t\t\t<\/div>\n\t\t\t\t<\/div>\n\t\t\t\t\t<\/div>\n\t\t<\/div>\n\t\t\t\t\t<\/div>\n\t\t<\/section>\n\t\t\t\t<\/div>","protected":false},"excerpt":{"rendered":"<p>Permisos de Distribuci\u00f3n Permisos Estaciones Auto-Consumo Permisos Estaciones de Servicio \u00a1Cotiza Aqu\u00ed! Cont\u00e1ctanos +52 81 2888 8139 Permisos de Almacenamiento El almacenamiento de productos energ\u00e9ticos, como hidrocarburos, petrol\u00edferos, gas natural o energ\u00eda renovable, es una actividad altamente regulada en M\u00e9xico. En MYS Consultor\u00eda Energ\u00e9tica, ofrecemos un servicio integral para la obtenci\u00f3n, renovaci\u00f3n y modificaci\u00f3n de [&hellip;]<\/p>\n","protected":false},"author":1,"featured_media":0,"parent":29,"menu_order":0,"comment_status":"closed","ping_status":"closed","template":"elementor_header_footer","meta":{"footnotes":""},"class_list":["post-2124","page","type-page","status-publish","hentry"],"_links":{"self":[{"href":"https:\/\/myscen.com\/en\/wp-json\/wp\/v2\/pages\/2124","targetHints":{"allow":["GET"]}}],"collection":[{"href":"https:\/\/myscen.com\/en\/wp-json\/wp\/v2\/pages"}],"about":[{"href":"https:\/\/myscen.com\/en\/wp-json\/wp\/v2\/types\/page"}],"author":[{"embeddable":true,"href":"https:\/\/myscen.com\/en\/wp-json\/wp\/v2\/users\/1"}],"replies":[{"embeddable":true,"href":"https:\/\/myscen.com\/en\/wp-json\/wp\/v2\/comments?post=2124"}],"version-history":[{"count":43,"href":"https:\/\/myscen.com\/en\/wp-json\/wp\/v2\/pages\/2124\/revisions"}],"predecessor-version":[{"id":3394,"href":"https:\/\/myscen.com\/en\/wp-json\/wp\/v2\/pages\/2124\/revisions\/3394"}],"up":[{"embeddable":true,"href":"https:\/\/myscen.com\/en\/wp-json\/wp\/v2\/pages\/29"}],"wp:attachment":[{"href":"https:\/\/myscen.com\/en\/wp-json\/wp\/v2\/media?parent=2124"}],"curies":[{"name":"wp","href":"https:\/\/api.w.org\/{rel}","templated":true}]}}