{"id":1890,"date":"2024-11-26T16:29:50","date_gmt":"2024-11-26T22:29:50","guid":{"rendered":"https:\/\/myscen.com\/?page_id=1890"},"modified":"2025-08-26T16:56:26","modified_gmt":"2025-08-26T22:56:26","slug":"actualizaciones-y-modificaciones","status":"publish","type":"page","link":"https:\/\/myscen.com\/en\/servicios\/actualizaciones-y-modificaciones\/","title":{"rendered":"Updates and Modifications"},"content":{"rendered":"<div data-elementor-type=\"wp-page\" data-elementor-id=\"1890\" class=\"elementor elementor-1890\">\n\t\t\t\t\t\t<section class=\"elementor-section elementor-top-section elementor-element elementor-element-5dd8828 elementor-section-boxed elementor-section-height-default elementor-section-height-default\" data-id=\"5dd8828\" data-element_type=\"section\" data-e-type=\"section\">\n\t\t\t\t\t\t<div class=\"elementor-container elementor-column-gap-default\">\n\t\t\t\t\t<div class=\"elementor-column elementor-col-33 elementor-top-column elementor-element elementor-element-883e883\" data-id=\"883e883\" data-element_type=\"column\" data-e-type=\"column\">\n\t\t\t<div class=\"elementor-widget-wrap elementor-element-populated\">\n\t\t\t\t\t\t<div class=\"elementor-element elementor-element-3c20080 elementor-widget elementor-widget-transpi-service-list\" data-id=\"3c20080\" data-element_type=\"widget\" data-e-type=\"widget\" data-widget_type=\"transpi-service-list.default\">\n\t\t\t\t<div class=\"elementor-widget-container\">\n\t\t\t\t\t\t\r\n\t\t<div class=\"services__list-wrapper\">\r\n            <ul>\r\n                                    <li><a href=\"https:\/\/myscen.com\/en\/servicios\/cumplimiento-de-obligaciones\/\">Compliance with Obligations <i class=\"far fa-long-arrow-right\"><\/i><\/a><\/li>\r\n                                    <li><a href=\"https:\/\/myscen.com\/en\/servicios\/expansion-de-rutas\/\">Expansion of Routes <i class=\"far fa-long-arrow-right\"><\/i><\/a><\/li>\r\n                                    <li><a href=\"https:\/\/myscen.com\/en\/servicios\/cesion-de-derechos\/\">Transfer of Rights <i class=\"far fa-long-arrow-right\"><\/i><\/a><\/li>\r\n                                    <li><a href=\"https:\/\/myscen.com\/en\/servicios\/reportes-normativos\/\">Regulatory Reports <i class=\"far fa-long-arrow-right\"><\/i><\/a><\/li>\r\n                            <\/ul>\r\n        <\/div>\r\n    \t\t\t\t<\/div>\n\t\t\t\t<\/div>\n\t\t\t\t<section class=\"elementor-section elementor-inner-section elementor-element elementor-element-e325a0d elementor-section-full_width elementor-section-height-default elementor-section-height-default\" data-id=\"e325a0d\" data-element_type=\"section\" data-e-type=\"section\" data-settings=\"{&quot;background_background&quot;:&quot;classic&quot;}\">\n\t\t\t\t\t\t\t<div class=\"elementor-background-overlay\"><\/div>\n\t\t\t\t\t\t\t<div class=\"elementor-container elementor-column-gap-no\">\n\t\t\t\t\t<div class=\"elementor-column elementor-col-100 elementor-inner-column elementor-element elementor-element-160c6db\" data-id=\"160c6db\" data-element_type=\"column\" data-e-type=\"column\">\n\t\t\t<div class=\"elementor-widget-wrap elementor-element-populated\">\n\t\t\t\t\t\t<div class=\"elementor-element elementor-element-9eaacad elementor-widget elementor-widget-heading\" data-id=\"9eaacad\" data-element_type=\"widget\" data-e-type=\"widget\" data-widget_type=\"heading.default\">\n\t\t\t\t<div class=\"elementor-widget-container\">\n\t\t\t\t\t<h2 class=\"elementor-heading-title elementor-size-default\">Get a Quote!<\/h2>\t\t\t\t<\/div>\n\t\t\t\t<\/div>\n\t\t\t\t<div class=\"elementor-element elementor-element-d52ecfa elementor-position-inline-start elementor-view-default elementor-mobile-position-block-start elementor-widget elementor-widget-icon-box\" data-id=\"d52ecfa\" data-element_type=\"widget\" data-e-type=\"widget\" data-widget_type=\"icon-box.default\">\n\t\t\t\t<div class=\"elementor-widget-container\">\n\t\t\t\t\t\t\t<div class=\"elementor-icon-box-wrapper\">\n\n\t\t\t\t\t\t<div class=\"elementor-icon-box-icon\">\n\t\t\t\t<a href=\"https:\/\/api.whatsapp.com\/send\/?phone=5218128888139&#038;text&#038;type=phone_number&#038;app_absent=0\" class=\"elementor-icon\" tabindex=\"-1\" aria-label=\"Contact Us\" target=\"_blank\" rel=\"noopener\">\n\t\t\t\t<i aria-hidden=\"true\" class=\"fab fa-whatsapp-square\"><\/i>\t\t\t\t<\/a>\n\t\t\t<\/div>\n\t\t\t\n\t\t\t\t\t\t<div class=\"elementor-icon-box-content\">\n\n\t\t\t\t\t\t\t\t\t<h3 class=\"elementor-icon-box-title\">\n\t\t\t\t\t\t<a href=\"https:\/\/api.whatsapp.com\/send\/?phone=5218128888139&#038;text&#038;type=phone_number&#038;app_absent=0\" target=\"_blank\" rel=\"noopener\">\n\t\t\t\t\t\t\tContact Us\t\t\t\t\t\t<\/a>\n\t\t\t\t\t<\/h3>\n\t\t\t\t\n\t\t\t\t\t\t\t\t\t<p class=\"elementor-icon-box-description\">\n\t\t\t\t\t\t+52 81 2888 8139\u202c \t\t\t\t\t<\/p>\n\t\t\t\t\n\t\t\t<\/div>\n\t\t\t\n\t\t<\/div>\n\t\t\t\t\t\t<\/div>\n\t\t\t\t<\/div>\n\t\t\t\t\t<\/div>\n\t\t<\/div>\n\t\t\t\t\t<\/div>\n\t\t<\/section>\n\t\t\t\t\t<\/div>\n\t\t<\/div>\n\t\t\t\t<div class=\"elementor-column elementor-col-66 elementor-top-column elementor-element elementor-element-23dff89\" data-id=\"23dff89\" data-element_type=\"column\" data-e-type=\"column\">\n\t\t\t<div class=\"elementor-widget-wrap elementor-element-populated\">\n\t\t\t\t\t\t<div class=\"elementor-element elementor-element-e632b26 elementor-widget elementor-widget-image\" data-id=\"e632b26\" data-element_type=\"widget\" data-e-type=\"widget\" data-widget_type=\"image.default\">\n\t\t\t\t<div class=\"elementor-widget-container\">\n\t\t\t\t\t\t\t\t\t\t\t\t\t\t\t<img loading=\"lazy\" decoding=\"async\" width=\"640\" height=\"426\" src=\"https:\/\/myscen.com\/wp-content\/uploads\/2025\/01\/HOJA-CRE-1024x682.webp\" class=\"attachment-large size-large wp-image-2792\" alt=\"\" srcset=\"https:\/\/myscen.com\/wp-content\/uploads\/2025\/01\/HOJA-CRE-1024x682.webp 1024w, https:\/\/myscen.com\/wp-content\/uploads\/2025\/01\/HOJA-CRE-300x200.webp 300w, https:\/\/myscen.com\/wp-content\/uploads\/2025\/01\/HOJA-CRE-768x512.webp 768w, https:\/\/myscen.com\/wp-content\/uploads\/2025\/01\/HOJA-CRE-18x12.webp 18w, https:\/\/myscen.com\/wp-content\/uploads\/2025\/01\/HOJA-CRE-600x400.webp 600w, https:\/\/myscen.com\/wp-content\/uploads\/2025\/01\/HOJA-CRE.webp 1280w\" sizes=\"auto, (max-width: 640px) 100vw, 640px\" \/>\t\t\t\t\t\t\t\t\t\t\t\t\t\t\t<\/div>\n\t\t\t\t<\/div>\n\t\t\t\t<div class=\"elementor-element elementor-element-270a304 elementor-widget elementor-widget-heading\" data-id=\"270a304\" data-element_type=\"widget\" data-e-type=\"widget\" data-widget_type=\"heading.default\">\n\t\t\t\t<div class=\"elementor-widget-container\">\n\t\t\t\t\t<h2 class=\"elementor-heading-title elementor-size-default\">Updates and Modifications<\/h2>\t\t\t\t<\/div>\n\t\t\t\t<\/div>\n\t\t\t\t<div class=\"elementor-element elementor-element-9763274 elementor-widget elementor-widget-heading\" data-id=\"9763274\" data-element_type=\"widget\" data-e-type=\"widget\" data-widget_type=\"heading.default\">\n\t\t\t\t<div class=\"elementor-widget-container\">\n\t\t\t\t\t<p class=\"elementor-heading-title elementor-size-default\">En el din\u00e1mico sector energ\u00e9tico, los requisitos regulatorios pueden cambiar r\u00e1pidamente, y las operaciones de tu empresa tambi\u00e9n evolucionan. Por eso, en MYS Consultor\u00eda Energ\u00e9tica ofrecemos nuestro servicio de Actualizaciones y Modificaciones, dise\u00f1ado para garantizar que tus permisos siempre reflejen la realidad operativa de tu negocio y cumplan con las disposiciones m\u00e1s recientes de la Comisi\u00f3n Nacional de Energ\u00eda (CNE), antes conocida como Comisi\u00f3n Reguladora de Energ\u00eda (CRE).<\/p>\t\t\t\t<\/div>\n\t\t\t\t<\/div>\n\t\t\t\t<div class=\"elementor-element elementor-element-02baedb elementor-widget elementor-widget-heading\" data-id=\"02baedb\" data-element_type=\"widget\" data-e-type=\"widget\" data-widget_type=\"heading.default\">\n\t\t\t\t<div class=\"elementor-widget-container\">\n\t\t\t\t\t<p class=\"elementor-heading-title elementor-size-default\">Ya sea que necesites modificar las condiciones t\u00e9cnicas de un permiso, realizar ajustes derivados de cambios en tu infraestructura o actualizar informaci\u00f3n requerida por la CNE, nuestro equipo de expertos est\u00e1 preparado para gestionar estos procesos de forma \u00e1gil y segura. Nos encargamos de todos los detalles, desde la identificaci\u00f3n de los requerimientos espec\u00edficos hasta la presentaci\u00f3n y seguimiento de las solicitudes, asegurando un tr\u00e1mite eficiente y sin complicaciones.<\/p>\t\t\t\t<\/div>\n\t\t\t\t<\/div>\n\t\t\t\t<div class=\"elementor-element elementor-element-b3b9952 elementor-widget elementor-widget-heading\" data-id=\"b3b9952\" data-element_type=\"widget\" data-e-type=\"widget\" data-widget_type=\"heading.default\">\n\t\t\t\t<div class=\"elementor-widget-container\">\n\t\t\t\t\t<h2 class=\"elementor-heading-title elementor-size-default\">\u00bfQu\u00e9 incluye este servicio?<\/h2>\t\t\t\t<\/div>\n\t\t\t\t<\/div>\n\t\t\t\t<div class=\"elementor-element elementor-element-0d595f7 elementor-widget elementor-widget-transpi-list\" data-id=\"0d595f7\" data-element_type=\"widget\" data-e-type=\"widget\" data-widget_type=\"transpi-list.default\">\n\t\t\t\t<div class=\"elementor-widget-container\">\n\t\t\t\t\t\t\r\n        <div class=\"transpi__list-item style-1\">\r\n            <ul>\r\n                                    <li>Modificaci\u00f3n de permisos para reflejar cambios en tu operaci\u00f3n o infraestructura.<\/li>\r\n                                    <li>Actualizaci\u00f3n de informaci\u00f3n t\u00e9cnica y administrativa conforme a las disposiciones vigentes.<\/li>\r\n                                    <li>Correcciones y ampliaciones en los t\u00e9rminos de los permisos otorgados.<\/li>\r\n                                    <li>Asesor\u00eda personalizada para atender requerimientos espec\u00edficos de la CNE.<\/li>\r\n                            <\/ul>\r\n        <\/div>\r\n    \t\t\t\t<\/div>\n\t\t\t\t<\/div>\n\t\t\t\t<div class=\"elementor-element elementor-element-51972c3 elementor-widget elementor-widget-heading\" data-id=\"51972c3\" data-element_type=\"widget\" data-e-type=\"widget\" data-widget_type=\"heading.default\">\n\t\t\t\t<div class=\"elementor-widget-container\">\n\t\t\t\t\t<h2 class=\"elementor-heading-title elementor-size-default\">\u00bfPor qu\u00e9 confiar en nosotros?<\/h2>\t\t\t\t<\/div>\n\t\t\t\t<\/div>\n\t\t\t\t<div class=\"elementor-element elementor-element-c513a17 elementor-widget elementor-widget-transpi-list\" data-id=\"c513a17\" data-element_type=\"widget\" data-e-type=\"widget\" data-widget_type=\"transpi-list.default\">\n\t\t\t\t<div class=\"elementor-widget-container\">\n\t\t\t\t\t\t\r\n        <div class=\"transpi__list-item style-1\">\r\n            <ul>\r\n                                    <li>M\u00e1s de 100 permisos gestionados y modificados con una tasa de \u00e9xito del 100%.<\/li>\r\n                                    <li>Experiencia comprobada en la adecuaci\u00f3n y actualizaci\u00f3n de permisos energ\u00e9ticos.<\/li>\r\n                                    <li>Estrategias adaptadas a las necesidades de tu empresa para garantizar cumplimiento regulatorio.<\/li>\r\n                                    <li>Seguimiento continuo para evitar incumplimientos o sanciones.<\/li>\r\n                            <\/ul>\r\n        <\/div>\r\n    \t\t\t\t<\/div>\n\t\t\t\t<\/div>\n\t\t\t\t<div class=\"elementor-element elementor-element-a1018de elementor-widget elementor-widget-heading\" data-id=\"a1018de\" data-element_type=\"widget\" data-e-type=\"widget\" data-widget_type=\"heading.default\">\n\t\t\t\t<div class=\"elementor-widget-container\">\n\t\t\t\t\t<p class=\"elementor-heading-title elementor-size-default\">En MYS Consultor\u00eda Energ\u00e9tica, entendemos que cada detalle cuenta. Por eso, trabajamos como tu aliado estrat\u00e9gico para que las actualizaciones y modificaciones necesarias en tus permisos se realicen de forma precisa y efectiva, permiti\u00e9ndote operar con la tranquilidad de que cumples con todas las regulaciones aplicables.<\/p>\t\t\t\t<\/div>\n\t\t\t\t<\/div>\n\t\t\t\t<div class=\"elementor-element elementor-element-122e71f elementor-widget elementor-widget-heading\" data-id=\"122e71f\" data-element_type=\"widget\" data-e-type=\"widget\" data-widget_type=\"heading.default\">\n\t\t\t\t<div class=\"elementor-widget-container\">\n\t\t\t\t\t<p class=\"elementor-heading-title elementor-size-default\">Actualiza tus permisos sin estr\u00e9s ni complicaciones. \u00a1Cont\u00e1ctanos y deja que nuestro equipo de expertos se encargue!<\/p>\t\t\t\t<\/div>\n\t\t\t\t<\/div>\n\t\t\t\t\t<\/div>\n\t\t<\/div>\n\t\t\t\t\t<\/div>\n\t\t<\/section>\n\t\t\t\t<\/div>","protected":false},"excerpt":{"rendered":"<p>Cumplimiento de Obligaciones Expansi\u00f3n de Rutas Cesi\u00f3n de Derechos Reportes Normativos \u00a1Cotiza Aqu\u00ed! Cont\u00e1ctanos +52 81 2888 8139\u202c Actualizaciones y Modificaciones En el din\u00e1mico sector energ\u00e9tico, los requisitos regulatorios pueden cambiar r\u00e1pidamente, y las operaciones de tu empresa tambi\u00e9n evolucionan. Por eso, en MYS Consultor\u00eda Energ\u00e9tica ofrecemos nuestro servicio de Actualizaciones y Modificaciones, dise\u00f1ado para [&hellip;]<\/p>\n","protected":false},"author":1,"featured_media":0,"parent":29,"menu_order":0,"comment_status":"closed","ping_status":"closed","template":"elementor_header_footer","meta":{"footnotes":""},"class_list":["post-1890","page","type-page","status-publish","hentry"],"_links":{"self":[{"href":"https:\/\/myscen.com\/en\/wp-json\/wp\/v2\/pages\/1890","targetHints":{"allow":["GET"]}}],"collection":[{"href":"https:\/\/myscen.com\/en\/wp-json\/wp\/v2\/pages"}],"about":[{"href":"https:\/\/myscen.com\/en\/wp-json\/wp\/v2\/types\/page"}],"author":[{"embeddable":true,"href":"https:\/\/myscen.com\/en\/wp-json\/wp\/v2\/users\/1"}],"replies":[{"embeddable":true,"href":"https:\/\/myscen.com\/en\/wp-json\/wp\/v2\/comments?post=1890"}],"version-history":[{"count":46,"href":"https:\/\/myscen.com\/en\/wp-json\/wp\/v2\/pages\/1890\/revisions"}],"predecessor-version":[{"id":3403,"href":"https:\/\/myscen.com\/en\/wp-json\/wp\/v2\/pages\/1890\/revisions\/3403"}],"up":[{"embeddable":true,"href":"https:\/\/myscen.com\/en\/wp-json\/wp\/v2\/pages\/29"}],"wp:attachment":[{"href":"https:\/\/myscen.com\/en\/wp-json\/wp\/v2\/media?parent=1890"}],"curies":[{"name":"wp","href":"https:\/\/api.w.org\/{rel}","templated":true}]}}